{"id":7040,"date":"2026-01-21T12:38:50","date_gmt":"2026-01-21T11:38:50","guid":{"rendered":"https:\/\/www.athol.es\/?page_id=7040"},"modified":"2026-04-09T15:04:30","modified_gmt":"2026-04-09T13:04:30","slug":"javier-garcia-verdes","status":"publish","type":"page","link":"https:\/\/www.athol.es\/fr\/notre-equipe\/javier-garcia-verdes\/","title":{"rendered":"Javier Garc\u00eda Verdes"},"content":{"rendered":"\t\t<div data-elementor-type=\"wp-page\" data-elementor-id=\"7040\" class=\"elementor elementor-7040\" data-elementor-settings=\"{&quot;ha_cmc_init_switcher&quot;:&quot;no&quot;}\" data-elementor-post-type=\"page\">\n\t\t\t\t\t\t<section class=\"elementor-section elementor-top-section elementor-element elementor-element-76f8b24 elementor-section-boxed elementor-section-height-default elementor-section-height-default\" data-id=\"76f8b24\" data-element_type=\"section\" data-settings=\"{&quot;_ha_eqh_enable&quot;:false}\">\n\t\t\t\t\t\t<div class=\"elementor-container elementor-column-gap-default\">\n\t\t\t\t\t<div class=\"elementor-column elementor-col-100 elementor-top-column elementor-element elementor-element-b4fd68c\" data-id=\"b4fd68c\" data-element_type=\"column\">\n\t\t\t<div class=\"elementor-widget-wrap elementor-element-populated\">\n\t\t\t\t\t\t<div class=\"elementor-element elementor-element-ca4a6a9 elementor-widget elementor-widget-heading\" data-id=\"ca4a6a9\" data-element_type=\"widget\" id=\"nombre-bio\" data-widget_type=\"heading.default\">\n\t\t\t\t<div class=\"elementor-widget-container\">\n\t\t\t\t\t<h2 class=\"elementor-heading-title elementor-size-default\">Javier Garc\u00eda Verdes<\/h2>\t\t\t\t<\/div>\n\t\t\t\t<\/div>\n\t\t\t\t<div class=\"elementor-element elementor-element-74a6bba elementor-widget elementor-widget-text-editor\" data-id=\"74a6bba\" data-element_type=\"widget\" data-widget_type=\"text-editor.default\">\n\t\t\t\t<div class=\"elementor-widget-container\">\n\t\t\t\t\t\t\t\t\t<div class=\"elementor-element elementor-element-8d4e156 elementor-widget elementor-widget-text-editor\" data-id=\"8d4e156\" data-element_type=\"widget\" data-widget_type=\"text-editor.default\"><div class=\"elementor-widget-container\"><p>Investment Associate<\/p><\/div><\/div>\t\t\t\t\t\t\t\t<\/div>\n\t\t\t\t<\/div>\n\t\t\t\t\t<\/div>\n\t\t<\/div>\n\t\t\t\t\t<\/div>\n\t\t<\/section>\n\t\t\t\t<section class=\"elementor-section elementor-top-section elementor-element elementor-element-e8136e7 elementor-hidden-desktop elementor-hidden-tablet elementor-section-boxed elementor-section-height-default elementor-section-height-default\" data-id=\"e8136e7\" data-element_type=\"section\" data-settings=\"{&quot;_ha_eqh_enable&quot;:false}\">\n\t\t\t\t\t\t<div class=\"elementor-container elementor-column-gap-default\">\n\t\t\t\t\t<div class=\"elementor-column elementor-col-100 elementor-top-column elementor-element elementor-element-7613ef6\" data-id=\"7613ef6\" data-element_type=\"column\">\n\t\t\t<div class=\"elementor-widget-wrap elementor-element-populated\">\n\t\t\t\t\t\t<div class=\"elementor-element elementor-element-197df76 elementor-widget__width-initial elementor-widget elementor-widget-image\" data-id=\"197df76\" data-element_type=\"widget\" data-widget_type=\"image.default\">\n\t\t\t\t<div class=\"elementor-widget-container\">\n\t\t\t\t\t\t\t\t\t\t\t\t\t\t\t<img fetchpriority=\"high\" decoding=\"async\" width=\"800\" height=\"800\" src=\"https:\/\/www.athol.es\/wp-content\/uploads\/2026\/03\/JAVIER-GARCIA-1.jpg\" class=\"attachment-large size-large wp-image-7270\" alt=\"\" srcset=\"https:\/\/www.athol.es\/wp-content\/uploads\/2026\/03\/JAVIER-GARCIA-1.jpg 800w, https:\/\/www.athol.es\/wp-content\/uploads\/2026\/03\/elementor\/thumbs\/JAVIER-GARCIA-1-rkla1vfydcqdtr0im6olb7he9r26wugzqkmmhbpa60.jpg 300w, https:\/\/www.athol.es\/wp-content\/uploads\/2026\/03\/JAVIER-GARCIA-1-150x150.jpg 150w, https:\/\/www.athol.es\/wp-content\/uploads\/2026\/03\/JAVIER-GARCIA-1-768x768.jpg 768w, https:\/\/www.athol.es\/wp-content\/uploads\/2026\/03\/elementor\/thumbs\/JAVIER-GARCIA-1-rkla1vg20x3onrhpuxa3ng0hdrp2w445dye4xj4y9c.jpg 600w\" sizes=\"(max-width: 800px) 100vw, 800px\" \/>\t\t\t\t\t\t\t\t\t\t\t\t\t\t\t<\/div>\n\t\t\t\t<\/div>\n\t\t\t\t\t<\/div>\n\t\t<\/div>\n\t\t\t\t\t<\/div>\n\t\t<\/section>\n\t\t\t\t<section class=\"elementor-section elementor-top-section elementor-element elementor-element-ac81fa6 elementor-section-boxed elementor-section-height-default elementor-section-height-default\" data-id=\"ac81fa6\" data-element_type=\"section\" data-settings=\"{&quot;background_background&quot;:&quot;classic&quot;,&quot;_ha_eqh_enable&quot;:false}\">\n\t\t\t\t\t\t<div class=\"elementor-container elementor-column-gap-default\">\n\t\t\t\t\t<div class=\"elementor-column elementor-col-50 elementor-top-column elementor-element elementor-element-d448332\" data-id=\"d448332\" data-element_type=\"column\" id=\"info-bio\">\n\t\t\t<div class=\"elementor-widget-wrap elementor-element-populated\">\n\t\t\t\t\t\t<section class=\"elementor-section elementor-inner-section elementor-element elementor-element-43259f1 elementor-section-boxed elementor-section-height-default elementor-section-height-default\" data-id=\"43259f1\" data-element_type=\"section\" id=\"datos-bio\" data-settings=\"{&quot;_ha_eqh_enable&quot;:false}\">\n\t\t\t\t\t\t<div class=\"elementor-container elementor-column-gap-default\">\n\t\t\t\t\t<div class=\"elementor-column elementor-col-50 elementor-inner-column elementor-element elementor-element-0cb040c\" data-id=\"0cb040c\" data-element_type=\"column\">\n\t\t\t<div class=\"elementor-widget-wrap elementor-element-populated\">\n\t\t\t\t\t\t<div class=\"elementor-element elementor-element-4e92532 elementor-icon-list--layout-traditional elementor-list-item-link-full_width elementor-widget elementor-widget-icon-list\" data-id=\"4e92532\" data-element_type=\"widget\" data-widget_type=\"icon-list.default\">\n\t\t\t\t<div class=\"elementor-widget-container\">\n\t\t\t\t\t\t\t<ul class=\"elementor-icon-list-items\">\n\t\t\t\t\t\t\t<li class=\"elementor-icon-list-item\">\n\t\t\t\t\t\t\t\t\t\t\t<span class=\"elementor-icon-list-icon\">\n\t\t\t\t\t\t\t<i aria-hidden=\"true\" class=\"fas fa-phone-alt\"><\/i>\t\t\t\t\t\t<\/span>\n\t\t\t\t\t\t\t\t\t\t<span class=\"elementor-icon-list-text\">+34 917 443 159<\/span>\n\t\t\t\t\t\t\t\t\t<\/li>\n\t\t\t\t\t\t\t\t<li class=\"elementor-icon-list-item\">\n\t\t\t\t\t\t\t\t\t\t\t<span class=\"elementor-icon-list-icon\">\n\t\t\t\t\t\t\t<i aria-hidden=\"true\" class=\"fas fa-mobile-alt\"><\/i>\t\t\t\t\t\t<\/span>\n\t\t\t\t\t\t\t\t\t\t<span class=\"elementor-icon-list-text\">+34 648 92 86 58<\/span>\n\t\t\t\t\t\t\t\t\t<\/li>\n\t\t\t\t\t\t\t\t<li class=\"elementor-icon-list-item\">\n\t\t\t\t\t\t\t\t\t\t\t<span class=\"elementor-icon-list-icon\">\n\t\t\t\t\t\t\t<i aria-hidden=\"true\" class=\"far fa-envelope\"><\/i>\t\t\t\t\t\t<\/span>\n\t\t\t\t\t\t\t\t\t\t<span class=\"elementor-icon-list-text\">jgarcia@athol.es<\/span>\n\t\t\t\t\t\t\t\t\t<\/li>\n\t\t\t\t\t\t<\/ul>\n\t\t\t\t\t\t<\/div>\n\t\t\t\t<\/div>\n\t\t\t\t\t<\/div>\n\t\t<\/div>\n\t\t\t\t<div class=\"elementor-column elementor-col-50 elementor-inner-column elementor-element elementor-element-f452235\" data-id=\"f452235\" data-element_type=\"column\">\n\t\t\t<div class=\"elementor-widget-wrap elementor-element-populated\">\n\t\t\t\t\t\t<div class=\"elementor-element elementor-element-d1ae9da e-grid-align-mobile-left elementor-shape-rounded elementor-grid-0 e-grid-align-center elementor-widget elementor-widget-social-icons\" data-id=\"d1ae9da\" data-element_type=\"widget\" id=\"icono-in\" data-widget_type=\"social-icons.default\">\n\t\t\t\t<div class=\"elementor-widget-container\">\n\t\t\t\t\t\t\t<div class=\"elementor-social-icons-wrapper elementor-grid\">\n\t\t\t\t\t\t\t<span class=\"elementor-grid-item\">\n\t\t\t\t\t<a class=\"elementor-icon elementor-social-icon elementor-social-icon-linkedin elementor-repeater-item-2322ce2\" href=\"https:\/\/www.linkedin.com\/in\/javier-garcia-verdes-726a67228\/\" target=\"_blank\" rel=\"noopener\">\n\t\t\t\t\t\t<span class=\"elementor-screen-only\">Linkedin<\/span>\n\t\t\t\t\t\t<i aria-hidden=\"true\" class=\"fab fa-linkedin\"><\/i>\t\t\t\t\t<\/a>\n\t\t\t\t<\/span>\n\t\t\t\t\t<\/div>\n\t\t\t\t\t\t<\/div>\n\t\t\t\t<\/div>\n\t\t\t\t\t<\/div>\n\t\t<\/div>\n\t\t\t\t\t<\/div>\n\t\t<\/section>\n\t\t\t\t\t<\/div>\n\t\t<\/div>\n\t\t\t\t<div class=\"elementor-column elementor-col-50 elementor-top-column elementor-element elementor-element-d470529 elementor-hidden-mobile\" data-id=\"d470529\" data-element_type=\"column\" id=\"foto-bio\">\n\t\t\t<div class=\"elementor-widget-wrap elementor-element-populated\">\n\t\t\t\t\t\t<div class=\"elementor-element elementor-element-28a473d elementor-widget__width-initial elementor-widget elementor-widget-image\" data-id=\"28a473d\" data-element_type=\"widget\" data-widget_type=\"image.default\">\n\t\t\t\t<div class=\"elementor-widget-container\">\n\t\t\t\t\t\t\t\t\t\t\t\t\t\t\t<img fetchpriority=\"high\" decoding=\"async\" width=\"800\" height=\"800\" src=\"https:\/\/www.athol.es\/wp-content\/uploads\/2026\/03\/JAVIER-GARCIA-1.jpg\" class=\"attachment-large size-large wp-image-7270\" alt=\"\" srcset=\"https:\/\/www.athol.es\/wp-content\/uploads\/2026\/03\/JAVIER-GARCIA-1.jpg 800w, https:\/\/www.athol.es\/wp-content\/uploads\/2026\/03\/elementor\/thumbs\/JAVIER-GARCIA-1-rkla1vfydcqdtr0im6olb7he9r26wugzqkmmhbpa60.jpg 300w, https:\/\/www.athol.es\/wp-content\/uploads\/2026\/03\/JAVIER-GARCIA-1-150x150.jpg 150w, https:\/\/www.athol.es\/wp-content\/uploads\/2026\/03\/JAVIER-GARCIA-1-768x768.jpg 768w, https:\/\/www.athol.es\/wp-content\/uploads\/2026\/03\/elementor\/thumbs\/JAVIER-GARCIA-1-rkla1vg20x3onrhpuxa3ng0hdrp2w445dye4xj4y9c.jpg 600w\" sizes=\"(max-width: 800px) 100vw, 800px\" \/>\t\t\t\t\t\t\t\t\t\t\t\t\t\t\t<\/div>\n\t\t\t\t<\/div>\n\t\t\t\t\t<\/div>\n\t\t<\/div>\n\t\t\t\t\t<\/div>\n\t\t<\/section>\n\t\t\t\t<section class=\"elementor-section elementor-top-section elementor-element elementor-element-7c34fe9 elementor-section-boxed elementor-section-height-default elementor-section-height-default\" data-id=\"7c34fe9\" data-element_type=\"section\" data-settings=\"{&quot;_ha_eqh_enable&quot;:false}\">\n\t\t\t\t\t\t<div class=\"elementor-container elementor-column-gap-default\">\n\t\t\t\t\t<div class=\"elementor-column elementor-col-100 elementor-top-column elementor-element elementor-element-0d0d566\" data-id=\"0d0d566\" data-element_type=\"column\">\n\t\t\t<div class=\"elementor-widget-wrap elementor-element-populated\">\n\t\t\t\t\t\t<div class=\"elementor-element elementor-element-12f5e70 elementor-widget elementor-widget-spacer\" data-id=\"12f5e70\" data-element_type=\"widget\" data-widget_type=\"spacer.default\">\n\t\t\t\t<div class=\"elementor-widget-container\">\n\t\t\t\t\t\t\t<div class=\"elementor-spacer\">\n\t\t\t<div class=\"elementor-spacer-inner\"><\/div>\n\t\t<\/div>\n\t\t\t\t\t\t<\/div>\n\t\t\t\t<\/div>\n\t\t\t\t\t<\/div>\n\t\t<\/div>\n\t\t\t\t\t<\/div>\n\t\t<\/section>\n\t\t\t\t<section class=\"elementor-section elementor-top-section elementor-element elementor-element-5f83305 elementor-section-boxed elementor-section-height-default elementor-section-height-default\" data-id=\"5f83305\" data-element_type=\"section\" data-settings=\"{&quot;_ha_eqh_enable&quot;:false}\">\n\t\t\t\t\t\t<div class=\"elementor-container elementor-column-gap-default\">\n\t\t\t\t\t<div class=\"elementor-column elementor-col-100 elementor-top-column elementor-element elementor-element-1b50254\" data-id=\"1b50254\" data-element_type=\"column\">\n\t\t\t<div class=\"elementor-widget-wrap elementor-element-populated\">\n\t\t\t\t\t\t<div class=\"elementor-element elementor-element-042dbf9 elementor-widget elementor-widget-text-editor\" data-id=\"042dbf9\" data-element_type=\"widget\" data-widget_type=\"text-editor.default\">\n\t\t\t\t<div class=\"elementor-widget-container\">\n\t\t\t\t\t\t\t\t\t<p data-start=\"1355\" data-end=\"1647\">Dipl\u00f4m\u00e9 en International Business de l\u2019Universit\u00e9 Carlos III de Madrid, avec une formation internationale \u00e0 Northeastern University (Boston), il poss\u00e8de une trajectoire professionnelle sp\u00e9cialis\u00e9e dans l\u2019analyse, la structuration et l\u2019ex\u00e9cution d\u2019investissements immobiliers en Europe du Sud.<\/p><p data-start=\"1649\" data-end=\"2051\">Il a d\u00e9velopp\u00e9 sa carri\u00e8re chez Urbanitae, o\u00f9 il a particip\u00e9 \u00e0 l\u2019analyse de plus de 200 opportunit\u00e9s d\u2019investissement immobilier en Espagne, au Portugal et en Italie, intervenant sur des projets Build to Sell et Build to Rent, tant du point de vue des fonds propres que du financement. Il a particip\u00e9 \u00e0 la mod\u00e9lisation financi\u00e8re, \u00e0 la n\u00e9gociation, au closing et \u00e0 l\u2019ex\u00e9cution de plus de 15 op\u00e9rations.<\/p><p data-start=\"2053\" data-end=\"2356\">Il dispose \u00e9galement d\u2019une solide base en analyse strat\u00e9gique et financi\u00e8re, acquise chez Accenture Strategy &amp; Consulting, qui lui permet d\u2019aborder avec rigueur l\u2019\u00e9valuation des opportunit\u00e9s d\u2019investissement, l\u2019\u00e9laboration de business plans et la prise de d\u00e9cisions orient\u00e9es vers la cr\u00e9ation de valeur.<\/p><p data-start=\"2358\" data-end=\"2586\">Il parle espagnol et fran\u00e7ais au niveau natif, poss\u00e8de un anglais courant et des connaissances en italien, ce qui facilite la gestion des op\u00e9rations et des relations avec les investisseurs dans des environnements internationaux.<\/p><p data-start=\"2588\" data-end=\"2754\">Il fait actuellement partie de l\u2019\u00e9quipe d\u2019investissement, o\u00f9 il est charg\u00e9 de l\u2019identification, de l\u2019analyse et du closing de nouvelles opportunit\u00e9s d\u2019investissement.<\/p>\t\t\t\t\t\t\t\t<\/div>\n\t\t\t\t<\/div>\n\t\t\t\t\t<\/div>\n\t\t<\/div>\n\t\t\t\t\t<\/div>\n\t\t<\/section>\n\t\t\t\t<section class=\"elementor-section elementor-top-section elementor-element elementor-element-9209b9e elementor-section-boxed elementor-section-height-default elementor-section-height-default\" data-id=\"9209b9e\" data-element_type=\"section\" data-settings=\"{&quot;_ha_eqh_enable&quot;:false}\">\n\t\t\t\t\t\t<div class=\"elementor-container elementor-column-gap-default\">\n\t\t\t\t\t<div class=\"elementor-column elementor-col-100 elementor-top-column elementor-element elementor-element-d622ebd\" data-id=\"d622ebd\" data-element_type=\"column\">\n\t\t\t<div class=\"elementor-widget-wrap elementor-element-populated\">\n\t\t\t\t\t\t<div class=\"elementor-element elementor-element-7581186 elementor-widget elementor-widget-spacer\" data-id=\"7581186\" data-element_type=\"widget\" data-widget_type=\"spacer.default\">\n\t\t\t\t<div class=\"elementor-widget-container\">\n\t\t\t\t\t\t\t<div class=\"elementor-spacer\">\n\t\t\t<div class=\"elementor-spacer-inner\"><\/div>\n\t\t<\/div>\n\t\t\t\t\t\t<\/div>\n\t\t\t\t<\/div>\n\t\t\t\t\t<\/div>\n\t\t<\/div>\n\t\t\t\t\t<\/div>\n\t\t<\/section>\n\t\t\t\t<\/div>\n\t\t","protected":false},"excerpt":{"rendered":"<p>Javier Garc\u00eda Verdes Investment Associate +34 917 443 159 +34 648 92 86 58 jgarcia@athol.es Linkedin Graduado en International Business por la Universidad Carlos III de Madrid, con formaci\u00f3n internacional en Northeastern University (Boston), cuenta con una trayectoria especializada en an\u00e1lisis, estructuraci\u00f3n y ejecuci\u00f3n de inversiones inmobiliarias en el sur de Europa. Javier ha desarrollado [&hellip;]<\/p>\n","protected":false},"author":7,"featured_media":0,"parent":5706,"menu_order":0,"comment_status":"closed","ping_status":"closed","template":"","meta":{"_acf_changed":false,"footnotes":""},"class_list":["post-7040","page","type-page","status-publish","hentry"],"acf":[],"_links":{"self":[{"href":"https:\/\/www.athol.es\/fr\/wp-json\/wp\/v2\/pages\/7040","targetHints":{"allow":["GET"]}}],"collection":[{"href":"https:\/\/www.athol.es\/fr\/wp-json\/wp\/v2\/pages"}],"about":[{"href":"https:\/\/www.athol.es\/fr\/wp-json\/wp\/v2\/types\/page"}],"author":[{"embeddable":true,"href":"https:\/\/www.athol.es\/fr\/wp-json\/wp\/v2\/users\/7"}],"replies":[{"embeddable":true,"href":"https:\/\/www.athol.es\/fr\/wp-json\/wp\/v2\/comments?post=7040"}],"version-history":[{"count":0,"href":"https:\/\/www.athol.es\/fr\/wp-json\/wp\/v2\/pages\/7040\/revisions"}],"up":[{"embeddable":true,"href":"https:\/\/www.athol.es\/fr\/wp-json\/wp\/v2\/pages\/5706"}],"wp:attachment":[{"href":"https:\/\/www.athol.es\/fr\/wp-json\/wp\/v2\/media?parent=7040"}],"curies":[{"name":"wp","href":"https:\/\/api.w.org\/{rel}","templated":true}]}}