{"id":7032,"date":"2026-01-21T12:28:10","date_gmt":"2026-01-21T11:28:10","guid":{"rendered":"https:\/\/www.athol.es\/?page_id=7032"},"modified":"2026-04-09T15:01:07","modified_gmt":"2026-04-09T13:01:07","slug":"ignacio-matilla","status":"publish","type":"page","link":"https:\/\/www.athol.es\/fr\/notre-equipe\/ignacio-matilla\/","title":{"rendered":"Ignacio Matilla"},"content":{"rendered":"\t\t<div data-elementor-type=\"wp-page\" data-elementor-id=\"7032\" class=\"elementor elementor-7032\" data-elementor-settings=\"{&quot;ha_cmc_init_switcher&quot;:&quot;no&quot;}\" data-elementor-post-type=\"page\">\n\t\t\t\t\t\t<section class=\"elementor-section elementor-top-section elementor-element elementor-element-76f8b24 elementor-section-boxed elementor-section-height-default elementor-section-height-default\" data-id=\"76f8b24\" data-element_type=\"section\" data-settings=\"{&quot;_ha_eqh_enable&quot;:false}\">\n\t\t\t\t\t\t<div class=\"elementor-container elementor-column-gap-default\">\n\t\t\t\t\t<div class=\"elementor-column elementor-col-100 elementor-top-column elementor-element elementor-element-b4fd68c\" data-id=\"b4fd68c\" data-element_type=\"column\">\n\t\t\t<div class=\"elementor-widget-wrap elementor-element-populated\">\n\t\t\t\t\t\t<div class=\"elementor-element elementor-element-ca4a6a9 elementor-widget elementor-widget-heading\" data-id=\"ca4a6a9\" data-element_type=\"widget\" id=\"nombre-bio\" data-widget_type=\"heading.default\">\n\t\t\t\t<div class=\"elementor-widget-container\">\n\t\t\t\t\t<h2 class=\"elementor-heading-title elementor-size-default\">Ignacio Matilla Ibarra<\/h2>\t\t\t\t<\/div>\n\t\t\t\t<\/div>\n\t\t\t\t<div class=\"elementor-element elementor-element-74a6bba elementor-widget elementor-widget-text-editor\" data-id=\"74a6bba\" data-element_type=\"widget\" data-widget_type=\"text-editor.default\">\n\t\t\t\t<div class=\"elementor-widget-container\">\n\t\t\t\t\t\t\t\t\t<div class=\"elementor-element elementor-element-320c730 elementor-widget elementor-widget-text-editor\" data-id=\"320c730\" data-element_type=\"widget\" data-widget_type=\"text-editor.default\"><div class=\"elementor-widget-container\"><p>Investment Associate \/ Global Capital Advisory<\/p><\/div><\/div>\t\t\t\t\t\t\t\t<\/div>\n\t\t\t\t<\/div>\n\t\t\t\t\t<\/div>\n\t\t<\/div>\n\t\t\t\t\t<\/div>\n\t\t<\/section>\n\t\t\t\t<section class=\"elementor-section elementor-top-section elementor-element elementor-element-e8136e7 elementor-hidden-desktop elementor-hidden-tablet elementor-section-boxed elementor-section-height-default elementor-section-height-default\" data-id=\"e8136e7\" data-element_type=\"section\" data-settings=\"{&quot;_ha_eqh_enable&quot;:false}\">\n\t\t\t\t\t\t<div class=\"elementor-container elementor-column-gap-default\">\n\t\t\t\t\t<div class=\"elementor-column elementor-col-100 elementor-top-column elementor-element elementor-element-7613ef6\" data-id=\"7613ef6\" data-element_type=\"column\">\n\t\t\t<div class=\"elementor-widget-wrap elementor-element-populated\">\n\t\t\t\t\t\t<div class=\"elementor-element elementor-element-197df76 elementor-widget__width-initial elementor-widget elementor-widget-image\" data-id=\"197df76\" data-element_type=\"widget\" data-widget_type=\"image.default\">\n\t\t\t\t<div class=\"elementor-widget-container\">\n\t\t\t\t\t\t\t\t\t\t\t\t\t\t\t<img fetchpriority=\"high\" decoding=\"async\" width=\"735\" height=\"735\" src=\"https:\/\/www.athol.es\/wp-content\/uploads\/2026\/01\/IGNACIO-MATILLA-IBARRA.jpg\" class=\"attachment-large size-large wp-image-7028\" alt=\"\" srcset=\"https:\/\/www.athol.es\/wp-content\/uploads\/2026\/01\/IGNACIO-MATILLA-IBARRA.jpg 735w, https:\/\/www.athol.es\/wp-content\/uploads\/2026\/01\/elementor\/thumbs\/IGNACIO-MATILLA-IBARRA-rhza905b2omehetako93brqlokwk2my0h1stq0se60.jpg 300w, https:\/\/www.athol.es\/wp-content\/uploads\/2026\/01\/IGNACIO-MATILLA-IBARRA-150x150.jpg 150w, https:\/\/www.athol.es\/wp-content\/uploads\/2026\/01\/elementor\/thumbs\/IGNACIO-MATILLA-IBARRA-rhza905eq8zpbfahteulo09osljg1wl64fkc68829c.jpg 600w\" sizes=\"(max-width: 735px) 100vw, 735px\" \/>\t\t\t\t\t\t\t\t\t\t\t\t\t\t\t<\/div>\n\t\t\t\t<\/div>\n\t\t\t\t\t<\/div>\n\t\t<\/div>\n\t\t\t\t\t<\/div>\n\t\t<\/section>\n\t\t\t\t<section class=\"elementor-section elementor-top-section elementor-element elementor-element-ac81fa6 elementor-section-boxed elementor-section-height-default elementor-section-height-default\" data-id=\"ac81fa6\" data-element_type=\"section\" data-settings=\"{&quot;background_background&quot;:&quot;classic&quot;,&quot;_ha_eqh_enable&quot;:false}\">\n\t\t\t\t\t\t<div class=\"elementor-container elementor-column-gap-default\">\n\t\t\t\t\t<div class=\"elementor-column elementor-col-50 elementor-top-column elementor-element elementor-element-d448332\" data-id=\"d448332\" data-element_type=\"column\" id=\"info-bio\">\n\t\t\t<div class=\"elementor-widget-wrap elementor-element-populated\">\n\t\t\t\t\t\t<section class=\"elementor-section elementor-inner-section elementor-element elementor-element-43259f1 elementor-section-boxed elementor-section-height-default elementor-section-height-default\" data-id=\"43259f1\" data-element_type=\"section\" id=\"datos-bio\" data-settings=\"{&quot;_ha_eqh_enable&quot;:false}\">\n\t\t\t\t\t\t<div class=\"elementor-container elementor-column-gap-default\">\n\t\t\t\t\t<div class=\"elementor-column elementor-col-50 elementor-inner-column elementor-element elementor-element-0cb040c\" data-id=\"0cb040c\" data-element_type=\"column\">\n\t\t\t<div class=\"elementor-widget-wrap elementor-element-populated\">\n\t\t\t\t\t\t<div class=\"elementor-element elementor-element-4e92532 elementor-icon-list--layout-traditional elementor-list-item-link-full_width elementor-widget elementor-widget-icon-list\" data-id=\"4e92532\" data-element_type=\"widget\" data-widget_type=\"icon-list.default\">\n\t\t\t\t<div class=\"elementor-widget-container\">\n\t\t\t\t\t\t\t<ul class=\"elementor-icon-list-items\">\n\t\t\t\t\t\t\t<li class=\"elementor-icon-list-item\">\n\t\t\t\t\t\t\t\t\t\t\t<span class=\"elementor-icon-list-icon\">\n\t\t\t\t\t\t\t<i aria-hidden=\"true\" class=\"fas fa-phone-alt\"><\/i>\t\t\t\t\t\t<\/span>\n\t\t\t\t\t\t\t\t\t\t<span class=\"elementor-icon-list-text\">+34 917 443 159<\/span>\n\t\t\t\t\t\t\t\t\t<\/li>\n\t\t\t\t\t\t\t\t<li class=\"elementor-icon-list-item\">\n\t\t\t\t\t\t\t\t\t\t\t<span class=\"elementor-icon-list-icon\">\n\t\t\t\t\t\t\t<i aria-hidden=\"true\" class=\"fas fa-mobile-alt\"><\/i>\t\t\t\t\t\t<\/span>\n\t\t\t\t\t\t\t\t\t\t<span class=\"elementor-icon-list-text\">+34 636 22 85 85<\/span>\n\t\t\t\t\t\t\t\t\t<\/li>\n\t\t\t\t\t\t\t\t<li class=\"elementor-icon-list-item\">\n\t\t\t\t\t\t\t\t\t\t\t<span class=\"elementor-icon-list-icon\">\n\t\t\t\t\t\t\t<i aria-hidden=\"true\" class=\"far fa-envelope\"><\/i>\t\t\t\t\t\t<\/span>\n\t\t\t\t\t\t\t\t\t\t<span class=\"elementor-icon-list-text\">imatilla@athol.es<\/span>\n\t\t\t\t\t\t\t\t\t<\/li>\n\t\t\t\t\t\t<\/ul>\n\t\t\t\t\t\t<\/div>\n\t\t\t\t<\/div>\n\t\t\t\t\t<\/div>\n\t\t<\/div>\n\t\t\t\t<div class=\"elementor-column elementor-col-50 elementor-inner-column elementor-element elementor-element-f452235\" data-id=\"f452235\" data-element_type=\"column\">\n\t\t\t<div class=\"elementor-widget-wrap elementor-element-populated\">\n\t\t\t\t\t\t<div class=\"elementor-element elementor-element-d1ae9da e-grid-align-mobile-left elementor-shape-rounded elementor-grid-0 e-grid-align-center elementor-widget elementor-widget-social-icons\" data-id=\"d1ae9da\" data-element_type=\"widget\" id=\"icono-in\" data-widget_type=\"social-icons.default\">\n\t\t\t\t<div class=\"elementor-widget-container\">\n\t\t\t\t\t\t\t<div class=\"elementor-social-icons-wrapper elementor-grid\">\n\t\t\t\t\t\t\t<span class=\"elementor-grid-item\">\n\t\t\t\t\t<a class=\"elementor-icon elementor-social-icon elementor-social-icon-linkedin elementor-repeater-item-2322ce2\" href=\"https:\/\/www.linkedin.com\/in\/ignacio-matilla-ibarra-1a6b2315a\/\" target=\"_blank\" rel=\"noopener\">\n\t\t\t\t\t\t<span class=\"elementor-screen-only\">Linkedin<\/span>\n\t\t\t\t\t\t<i aria-hidden=\"true\" class=\"fab fa-linkedin\"><\/i>\t\t\t\t\t<\/a>\n\t\t\t\t<\/span>\n\t\t\t\t\t<\/div>\n\t\t\t\t\t\t<\/div>\n\t\t\t\t<\/div>\n\t\t\t\t\t<\/div>\n\t\t<\/div>\n\t\t\t\t\t<\/div>\n\t\t<\/section>\n\t\t\t\t\t<\/div>\n\t\t<\/div>\n\t\t\t\t<div class=\"elementor-column elementor-col-50 elementor-top-column elementor-element elementor-element-d470529 elementor-hidden-mobile\" data-id=\"d470529\" data-element_type=\"column\" id=\"foto-bio\">\n\t\t\t<div class=\"elementor-widget-wrap elementor-element-populated\">\n\t\t\t\t\t\t<div class=\"elementor-element elementor-element-28a473d elementor-widget__width-initial elementor-widget elementor-widget-image\" data-id=\"28a473d\" data-element_type=\"widget\" data-widget_type=\"image.default\">\n\t\t\t\t<div class=\"elementor-widget-container\">\n\t\t\t\t\t\t\t\t\t\t\t\t\t\t\t<img decoding=\"async\" width=\"683\" height=\"1024\" src=\"https:\/\/www.athol.es\/wp-content\/uploads\/2026\/04\/3G9A10361-683x1024.png\" class=\"attachment-large size-large wp-image-7417\" alt=\"\" srcset=\"https:\/\/www.athol.es\/wp-content\/uploads\/2026\/04\/3G9A10361-683x1024.png 683w, https:\/\/www.athol.es\/wp-content\/uploads\/2026\/04\/3G9A10361-200x300.png 200w, https:\/\/www.athol.es\/wp-content\/uploads\/2026\/04\/3G9A10361-768x1152.png 768w, https:\/\/www.athol.es\/wp-content\/uploads\/2026\/04\/3G9A10361-1024x1536.png 1024w, https:\/\/www.athol.es\/wp-content\/uploads\/2026\/04\/3G9A10361-1365x2048.png 1365w, https:\/\/www.athol.es\/wp-content\/uploads\/2026\/04\/3G9A10361-scaled.png 1707w\" sizes=\"(max-width: 683px) 100vw, 683px\" \/>\t\t\t\t\t\t\t\t\t\t\t\t\t\t\t<\/div>\n\t\t\t\t<\/div>\n\t\t\t\t\t<\/div>\n\t\t<\/div>\n\t\t\t\t\t<\/div>\n\t\t<\/section>\n\t\t\t\t<section class=\"elementor-section elementor-top-section elementor-element elementor-element-7c34fe9 elementor-section-boxed elementor-section-height-default elementor-section-height-default\" data-id=\"7c34fe9\" data-element_type=\"section\" data-settings=\"{&quot;_ha_eqh_enable&quot;:false}\">\n\t\t\t\t\t\t<div class=\"elementor-container elementor-column-gap-default\">\n\t\t\t\t\t<div class=\"elementor-column elementor-col-100 elementor-top-column elementor-element elementor-element-0d0d566\" data-id=\"0d0d566\" data-element_type=\"column\">\n\t\t\t<div class=\"elementor-widget-wrap elementor-element-populated\">\n\t\t\t\t\t\t<div class=\"elementor-element elementor-element-12f5e70 elementor-widget elementor-widget-spacer\" data-id=\"12f5e70\" data-element_type=\"widget\" data-widget_type=\"spacer.default\">\n\t\t\t\t<div class=\"elementor-widget-container\">\n\t\t\t\t\t\t\t<div class=\"elementor-spacer\">\n\t\t\t<div class=\"elementor-spacer-inner\"><\/div>\n\t\t<\/div>\n\t\t\t\t\t\t<\/div>\n\t\t\t\t<\/div>\n\t\t\t\t\t<\/div>\n\t\t<\/div>\n\t\t\t\t\t<\/div>\n\t\t<\/section>\n\t\t\t\t<section class=\"elementor-section elementor-top-section elementor-element elementor-element-5f83305 elementor-section-boxed elementor-section-height-default elementor-section-height-default\" data-id=\"5f83305\" data-element_type=\"section\" data-settings=\"{&quot;_ha_eqh_enable&quot;:false}\">\n\t\t\t\t\t\t<div class=\"elementor-container elementor-column-gap-default\">\n\t\t\t\t\t<div class=\"elementor-column elementor-col-100 elementor-top-column elementor-element elementor-element-1b50254\" data-id=\"1b50254\" data-element_type=\"column\">\n\t\t\t<div class=\"elementor-widget-wrap elementor-element-populated\">\n\t\t\t\t\t\t<div class=\"elementor-element elementor-element-042dbf9 elementor-widget elementor-widget-text-editor\" data-id=\"042dbf9\" data-element_type=\"widget\" data-widget_type=\"text-editor.default\">\n\t\t\t\t<div class=\"elementor-widget-container\">\n\t\t\t\t\t\t\t\t\t<p data-start=\"1056\" data-end=\"1213\">Ignacio travaille aux c\u00f4t\u00e9s de l\u2019\u00e9quipe d\u2019investissement et est responsable de la supervision des opportunit\u00e9s internationales, en report direct \u00e0 notre CEO.<\/p><p data-start=\"1215\" data-end=\"1499\">Dipl\u00f4m\u00e9 en \u00e9conomie de l\u2019Universit\u00e9 Carlos III de Madrid, il poss\u00e8de une solide exp\u00e9rience en investissement immobilier et en conseil strat\u00e9gique. Il dispose d\u2019une exp\u00e9rience dans des secteurs tels que l\u2019h\u00f4tellerie, le retail, le living, le PBSA, les data centers, le F&amp;B et la sant\u00e9.<\/p><p data-start=\"1501\" data-end=\"1925\">Avant de rejoindre Athol, il faisait partie de l\u2019\u00e9quipe de Conseil Strat\u00e9gique de CBRE, o\u00f9 il occupait le poste de Project Leader. Dans ce cadre, il a particip\u00e9 \u00e0 des projets de planification strat\u00e9gique et op\u00e9rationnelle, de due diligence commerciale, de d\u00e9finition de mod\u00e8les \u00e9conomiques et d\u2019analyse financi\u00e8re pour des investisseurs, promoteurs et op\u00e9rateurs immobiliers en Europe, au Moyen-Orient et en Am\u00e9rique latine.<\/p><p data-start=\"1927\" data-end=\"2188\">Auparavant, il a travaill\u00e9 comme analyste chez Bluecap Management Consulting, collaborant sur des projets pour les d\u00e9partements Risques et Recouvrement d\u2019institutions financi\u00e8res, et a d\u00e9but\u00e9 sa carri\u00e8re professionnelle en tant que consultant chez EY-Parthenon.<\/p>\t\t\t\t\t\t\t\t<\/div>\n\t\t\t\t<\/div>\n\t\t\t\t\t<\/div>\n\t\t<\/div>\n\t\t\t\t\t<\/div>\n\t\t<\/section>\n\t\t\t\t<section class=\"elementor-section elementor-top-section elementor-element elementor-element-9209b9e elementor-section-boxed elementor-section-height-default elementor-section-height-default\" data-id=\"9209b9e\" data-element_type=\"section\" data-settings=\"{&quot;_ha_eqh_enable&quot;:false}\">\n\t\t\t\t\t\t<div class=\"elementor-container elementor-column-gap-default\">\n\t\t\t\t\t<div class=\"elementor-column elementor-col-100 elementor-top-column elementor-element elementor-element-d622ebd\" data-id=\"d622ebd\" data-element_type=\"column\">\n\t\t\t<div class=\"elementor-widget-wrap elementor-element-populated\">\n\t\t\t\t\t\t<div class=\"elementor-element elementor-element-7581186 elementor-widget elementor-widget-spacer\" data-id=\"7581186\" data-element_type=\"widget\" data-widget_type=\"spacer.default\">\n\t\t\t\t<div class=\"elementor-widget-container\">\n\t\t\t\t\t\t\t<div class=\"elementor-spacer\">\n\t\t\t<div class=\"elementor-spacer-inner\"><\/div>\n\t\t<\/div>\n\t\t\t\t\t\t<\/div>\n\t\t\t\t<\/div>\n\t\t\t\t\t<\/div>\n\t\t<\/div>\n\t\t\t\t\t<\/div>\n\t\t<\/section>\n\t\t\t\t<\/div>\n\t\t","protected":false},"excerpt":{"rendered":"<p>Ignacio Matilla Ibarra Investment Associate \/ Global Capital Advisory +34 917 443 159 +34 636 22 85 85 imatilla@athol.es Linkedin Ignacio trabaja junto al equipo de inversi\u00f3n y es responsable de la supervisi\u00f3n de oportunidades internacionales, reportando directamente a nuestra CEO. Graduado en Econom\u00eda por la Universidad Carlos III de Madrid, cuenta con una s\u00f3lida [&hellip;]<\/p>\n","protected":false},"author":7,"featured_media":0,"parent":5706,"menu_order":0,"comment_status":"closed","ping_status":"closed","template":"","meta":{"_acf_changed":false,"footnotes":""},"class_list":["post-7032","page","type-page","status-publish","hentry"],"acf":[],"_links":{"self":[{"href":"https:\/\/www.athol.es\/fr\/wp-json\/wp\/v2\/pages\/7032","targetHints":{"allow":["GET"]}}],"collection":[{"href":"https:\/\/www.athol.es\/fr\/wp-json\/wp\/v2\/pages"}],"about":[{"href":"https:\/\/www.athol.es\/fr\/wp-json\/wp\/v2\/types\/page"}],"author":[{"embeddable":true,"href":"https:\/\/www.athol.es\/fr\/wp-json\/wp\/v2\/users\/7"}],"replies":[{"embeddable":true,"href":"https:\/\/www.athol.es\/fr\/wp-json\/wp\/v2\/comments?post=7032"}],"version-history":[{"count":0,"href":"https:\/\/www.athol.es\/fr\/wp-json\/wp\/v2\/pages\/7032\/revisions"}],"up":[{"embeddable":true,"href":"https:\/\/www.athol.es\/fr\/wp-json\/wp\/v2\/pages\/5706"}],"wp:attachment":[{"href":"https:\/\/www.athol.es\/fr\/wp-json\/wp\/v2\/media?parent=7032"}],"curies":[{"name":"wp","href":"https:\/\/api.w.org\/{rel}","templated":true}]}}