{"id":5908,"date":"2025-11-27T15:44:17","date_gmt":"2025-11-27T14:44:17","guid":{"rendered":"https:\/\/www.athol.es\/?page_id=5908"},"modified":"2026-04-09T15:09:16","modified_gmt":"2026-04-09T13:09:16","slug":"julio-fernandez","status":"publish","type":"page","link":"https:\/\/www.athol.es\/fr\/notre-equipe\/julio-fernandez\/","title":{"rendered":"Julio Fern\u00e1ndez"},"content":{"rendered":"\t\t<div data-elementor-type=\"wp-page\" data-elementor-id=\"5908\" class=\"elementor elementor-5908\" data-elementor-settings=\"{&quot;ha_cmc_init_switcher&quot;:&quot;no&quot;}\" data-elementor-post-type=\"page\">\n\t\t\t\t\t\t<section class=\"elementor-section elementor-top-section elementor-element elementor-element-76f8b24 elementor-section-boxed elementor-section-height-default elementor-section-height-default\" data-id=\"76f8b24\" data-element_type=\"section\" data-settings=\"{&quot;_ha_eqh_enable&quot;:false}\">\n\t\t\t\t\t\t<div class=\"elementor-container elementor-column-gap-default\">\n\t\t\t\t\t<div class=\"elementor-column elementor-col-100 elementor-top-column elementor-element elementor-element-b4fd68c\" data-id=\"b4fd68c\" data-element_type=\"column\">\n\t\t\t<div class=\"elementor-widget-wrap elementor-element-populated\">\n\t\t\t\t\t\t<div class=\"elementor-element elementor-element-ca4a6a9 elementor-widget elementor-widget-heading\" data-id=\"ca4a6a9\" data-element_type=\"widget\" id=\"nombre-bio\" data-widget_type=\"heading.default\">\n\t\t\t\t<div class=\"elementor-widget-container\">\n\t\t\t\t\t<h2 class=\"elementor-heading-title elementor-size-default\">Julio Fern\u00e1ndez Mart\u00edn<\/h2>\t\t\t\t<\/div>\n\t\t\t\t<\/div>\n\t\t\t\t<div class=\"elementor-element elementor-element-74a6bba elementor-widget elementor-widget-text-editor\" data-id=\"74a6bba\" data-element_type=\"widget\" data-widget_type=\"text-editor.default\">\n\t\t\t\t<div class=\"elementor-widget-container\">\n\t\t\t\t\t\t\t\t\t<p>Director de Asset &amp; Property Management<br \/>\u00a0<\/p>\t\t\t\t\t\t\t\t<\/div>\n\t\t\t\t<\/div>\n\t\t\t\t\t<\/div>\n\t\t<\/div>\n\t\t\t\t\t<\/div>\n\t\t<\/section>\n\t\t\t\t<section class=\"elementor-section elementor-top-section elementor-element elementor-element-e8136e7 elementor-hidden-desktop elementor-hidden-tablet elementor-section-boxed elementor-section-height-default elementor-section-height-default\" data-id=\"e8136e7\" data-element_type=\"section\" data-settings=\"{&quot;_ha_eqh_enable&quot;:false}\">\n\t\t\t\t\t\t<div class=\"elementor-container elementor-column-gap-default\">\n\t\t\t\t\t<div class=\"elementor-column elementor-col-100 elementor-top-column elementor-element elementor-element-7613ef6\" data-id=\"7613ef6\" data-element_type=\"column\">\n\t\t\t<div class=\"elementor-widget-wrap elementor-element-populated\">\n\t\t\t\t\t\t<div class=\"elementor-element elementor-element-197df76 elementor-widget__width-initial elementor-widget elementor-widget-image\" data-id=\"197df76\" data-element_type=\"widget\" data-widget_type=\"image.default\">\n\t\t\t\t<div class=\"elementor-widget-container\">\n\t\t\t\t\t\t\t\t\t\t\t\t\t\t\t<img fetchpriority=\"high\" decoding=\"async\" width=\"800\" height=\"800\" src=\"https:\/\/www.athol.es\/wp-content\/uploads\/2026\/03\/JULIO-F-1.jpg\" class=\"attachment-large size-large wp-image-7271\" alt=\"\" srcset=\"https:\/\/www.athol.es\/wp-content\/uploads\/2026\/03\/JULIO-F-1.jpg 800w, https:\/\/www.athol.es\/wp-content\/uploads\/2026\/03\/elementor\/thumbs\/JULIO-F-1-rkla212zicy3resbp94cq625u2ae713drcjjczgx4o.jpg 300w, https:\/\/www.athol.es\/wp-content\/uploads\/2026\/03\/JULIO-F-1-150x150.jpg 150w, https:\/\/www.athol.es\/wp-content\/uploads\/2026\/03\/JULIO-F-1-768x768.jpg 768w, https:\/\/www.athol.es\/wp-content\/uploads\/2026\/03\/elementor\/thumbs\/JULIO-F-1-rkla21335xbelf9ixzpv2el8y2xa6aqjeqb1t6wl80.jpg 600w\" sizes=\"(max-width: 800px) 100vw, 800px\" \/>\t\t\t\t\t\t\t\t\t\t\t\t\t\t\t<\/div>\n\t\t\t\t<\/div>\n\t\t\t\t\t<\/div>\n\t\t<\/div>\n\t\t\t\t\t<\/div>\n\t\t<\/section>\n\t\t\t\t<section class=\"elementor-section elementor-top-section elementor-element elementor-element-ac81fa6 elementor-section-boxed elementor-section-height-default elementor-section-height-default\" data-id=\"ac81fa6\" data-element_type=\"section\" data-settings=\"{&quot;background_background&quot;:&quot;classic&quot;,&quot;_ha_eqh_enable&quot;:false}\">\n\t\t\t\t\t\t<div class=\"elementor-container elementor-column-gap-default\">\n\t\t\t\t\t<div class=\"elementor-column elementor-col-50 elementor-top-column elementor-element elementor-element-d448332\" data-id=\"d448332\" data-element_type=\"column\" id=\"info-bio\">\n\t\t\t<div class=\"elementor-widget-wrap elementor-element-populated\">\n\t\t\t\t\t\t<section class=\"elementor-section elementor-inner-section elementor-element elementor-element-43259f1 elementor-section-boxed elementor-section-height-default elementor-section-height-default\" data-id=\"43259f1\" data-element_type=\"section\" id=\"datos-bio\" data-settings=\"{&quot;_ha_eqh_enable&quot;:false}\">\n\t\t\t\t\t\t<div class=\"elementor-container elementor-column-gap-default\">\n\t\t\t\t\t<div class=\"elementor-column elementor-col-50 elementor-inner-column elementor-element elementor-element-0cb040c\" data-id=\"0cb040c\" data-element_type=\"column\">\n\t\t\t<div class=\"elementor-widget-wrap elementor-element-populated\">\n\t\t\t\t\t\t<div class=\"elementor-element elementor-element-4e92532 elementor-icon-list--layout-traditional elementor-list-item-link-full_width elementor-widget elementor-widget-icon-list\" data-id=\"4e92532\" data-element_type=\"widget\" data-widget_type=\"icon-list.default\">\n\t\t\t\t<div class=\"elementor-widget-container\">\n\t\t\t\t\t\t\t<ul class=\"elementor-icon-list-items\">\n\t\t\t\t\t\t\t<li class=\"elementor-icon-list-item\">\n\t\t\t\t\t\t\t\t\t\t\t<span class=\"elementor-icon-list-icon\">\n\t\t\t\t\t\t\t<i aria-hidden=\"true\" class=\"fas fa-phone-alt\"><\/i>\t\t\t\t\t\t<\/span>\n\t\t\t\t\t\t\t\t\t\t<span class=\"elementor-icon-list-text\">+34 917 443 159<\/span>\n\t\t\t\t\t\t\t\t\t<\/li>\n\t\t\t\t\t\t\t\t<li class=\"elementor-icon-list-item\">\n\t\t\t\t\t\t\t\t\t\t\t<span class=\"elementor-icon-list-icon\">\n\t\t\t\t\t\t\t<i aria-hidden=\"true\" class=\"fas fa-mobile-alt\"><\/i>\t\t\t\t\t\t<\/span>\n\t\t\t\t\t\t\t\t\t\t<span class=\"elementor-icon-list-text\">+34 630 793 975<\/span>\n\t\t\t\t\t\t\t\t\t<\/li>\n\t\t\t\t\t\t\t\t<li class=\"elementor-icon-list-item\">\n\t\t\t\t\t\t\t\t\t\t\t<span class=\"elementor-icon-list-icon\">\n\t\t\t\t\t\t\t<i aria-hidden=\"true\" class=\"far fa-envelope\"><\/i>\t\t\t\t\t\t<\/span>\n\t\t\t\t\t\t\t\t\t\t<span class=\"elementor-icon-list-text\">jfernandez@athol.es<\/span>\n\t\t\t\t\t\t\t\t\t<\/li>\n\t\t\t\t\t\t<\/ul>\n\t\t\t\t\t\t<\/div>\n\t\t\t\t<\/div>\n\t\t\t\t\t<\/div>\n\t\t<\/div>\n\t\t\t\t<div class=\"elementor-column elementor-col-50 elementor-inner-column elementor-element elementor-element-f452235\" data-id=\"f452235\" data-element_type=\"column\">\n\t\t\t<div class=\"elementor-widget-wrap elementor-element-populated\">\n\t\t\t\t\t\t<div class=\"elementor-element elementor-element-d1ae9da e-grid-align-mobile-left elementor-shape-rounded elementor-grid-0 e-grid-align-center elementor-widget elementor-widget-social-icons\" data-id=\"d1ae9da\" data-element_type=\"widget\" id=\"icono-in\" data-widget_type=\"social-icons.default\">\n\t\t\t\t<div class=\"elementor-widget-container\">\n\t\t\t\t\t\t\t<div class=\"elementor-social-icons-wrapper elementor-grid\">\n\t\t\t\t\t\t\t<span class=\"elementor-grid-item\">\n\t\t\t\t\t<a class=\"elementor-icon elementor-social-icon elementor-social-icon-linkedin elementor-repeater-item-2322ce2\" href=\"https:\/\/www.linkedin.com\/in\/jfernandezmartin\/\" target=\"_blank\" rel=\"noopener\">\n\t\t\t\t\t\t<span class=\"elementor-screen-only\">Linkedin<\/span>\n\t\t\t\t\t\t<i aria-hidden=\"true\" class=\"fab fa-linkedin\"><\/i>\t\t\t\t\t<\/a>\n\t\t\t\t<\/span>\n\t\t\t\t\t<\/div>\n\t\t\t\t\t\t<\/div>\n\t\t\t\t<\/div>\n\t\t\t\t\t<\/div>\n\t\t<\/div>\n\t\t\t\t\t<\/div>\n\t\t<\/section>\n\t\t\t\t\t<\/div>\n\t\t<\/div>\n\t\t\t\t<div class=\"elementor-column elementor-col-50 elementor-top-column elementor-element elementor-element-d470529 elementor-hidden-mobile\" data-id=\"d470529\" data-element_type=\"column\" id=\"foto-bio\">\n\t\t\t<div class=\"elementor-widget-wrap elementor-element-populated\">\n\t\t\t\t\t\t<div class=\"elementor-element elementor-element-28a473d elementor-widget__width-initial elementor-widget elementor-widget-image\" data-id=\"28a473d\" data-element_type=\"widget\" data-widget_type=\"image.default\">\n\t\t\t\t<div class=\"elementor-widget-container\">\n\t\t\t\t\t\t\t\t\t\t\t\t\t\t\t<img fetchpriority=\"high\" decoding=\"async\" width=\"800\" height=\"800\" src=\"https:\/\/www.athol.es\/wp-content\/uploads\/2026\/03\/JULIO-F-1.jpg\" class=\"attachment-large size-large wp-image-7271\" alt=\"\" srcset=\"https:\/\/www.athol.es\/wp-content\/uploads\/2026\/03\/JULIO-F-1.jpg 800w, https:\/\/www.athol.es\/wp-content\/uploads\/2026\/03\/elementor\/thumbs\/JULIO-F-1-rkla212zicy3resbp94cq625u2ae713drcjjczgx4o.jpg 300w, https:\/\/www.athol.es\/wp-content\/uploads\/2026\/03\/JULIO-F-1-150x150.jpg 150w, https:\/\/www.athol.es\/wp-content\/uploads\/2026\/03\/JULIO-F-1-768x768.jpg 768w, https:\/\/www.athol.es\/wp-content\/uploads\/2026\/03\/elementor\/thumbs\/JULIO-F-1-rkla21335xbelf9ixzpv2el8y2xa6aqjeqb1t6wl80.jpg 600w\" sizes=\"(max-width: 800px) 100vw, 800px\" \/>\t\t\t\t\t\t\t\t\t\t\t\t\t\t\t<\/div>\n\t\t\t\t<\/div>\n\t\t\t\t\t<\/div>\n\t\t<\/div>\n\t\t\t\t\t<\/div>\n\t\t<\/section>\n\t\t\t\t<section class=\"elementor-section elementor-top-section elementor-element elementor-element-7c34fe9 elementor-section-boxed elementor-section-height-default elementor-section-height-default\" data-id=\"7c34fe9\" data-element_type=\"section\" data-settings=\"{&quot;_ha_eqh_enable&quot;:false}\">\n\t\t\t\t\t\t<div class=\"elementor-container elementor-column-gap-default\">\n\t\t\t\t\t<div class=\"elementor-column elementor-col-100 elementor-top-column elementor-element elementor-element-0d0d566\" data-id=\"0d0d566\" data-element_type=\"column\">\n\t\t\t<div class=\"elementor-widget-wrap elementor-element-populated\">\n\t\t\t\t\t\t<div class=\"elementor-element elementor-element-12f5e70 elementor-widget elementor-widget-spacer\" data-id=\"12f5e70\" data-element_type=\"widget\" data-widget_type=\"spacer.default\">\n\t\t\t\t<div class=\"elementor-widget-container\">\n\t\t\t\t\t\t\t<div class=\"elementor-spacer\">\n\t\t\t<div class=\"elementor-spacer-inner\"><\/div>\n\t\t<\/div>\n\t\t\t\t\t\t<\/div>\n\t\t\t\t<\/div>\n\t\t\t\t\t<\/div>\n\t\t<\/div>\n\t\t\t\t\t<\/div>\n\t\t<\/section>\n\t\t\t\t<section class=\"elementor-section elementor-top-section elementor-element elementor-element-5f83305 elementor-section-boxed elementor-section-height-default elementor-section-height-default\" data-id=\"5f83305\" data-element_type=\"section\" data-settings=\"{&quot;_ha_eqh_enable&quot;:false}\">\n\t\t\t\t\t\t<div class=\"elementor-container elementor-column-gap-default\">\n\t\t\t\t\t<div class=\"elementor-column elementor-col-100 elementor-top-column elementor-element elementor-element-1b50254\" data-id=\"1b50254\" data-element_type=\"column\">\n\t\t\t<div class=\"elementor-widget-wrap elementor-element-populated\">\n\t\t\t\t\t\t<div class=\"elementor-element elementor-element-042dbf9 elementor-widget elementor-widget-text-editor\" data-id=\"042dbf9\" data-element_type=\"widget\" data-widget_type=\"text-editor.default\">\n\t\t\t\t<div class=\"elementor-widget-container\">\n\t\t\t\t\t\t\t\t\t<p data-start=\"861\" data-end=\"1116\">Julio poss\u00e8de plus de 30 ans d\u2019exp\u00e9rience dans le secteur de la construction, couvrant l\u2019ensemble de ses phases. Il a d\u00e9but\u00e9 sa carri\u00e8re chez PRECON (Prefabricaciones y Contratas) en tant que d\u00e9l\u00e9gu\u00e9 Levante pour les travaux de g\u00e9nie civil et de b\u00e2timent.<\/p><p data-start=\"1118\" data-end=\"1559\">Il a ensuite occup\u00e9 le poste de directeur commercial chez TRABIS, tant pour la division pr\u00e9fabrication que pour la soci\u00e9t\u00e9 de construction associ\u00e9e. Chez GSE, entreprise d\u2019origine fran\u00e7aise, il a exerc\u00e9 la fonction de Business Development Manager pendant plus de cinq ans, pilotant la croissance de l\u2019entreprise en Espagne. Ces derni\u00e8res ann\u00e9es, il a occup\u00e9 le poste de d\u00e9veloppeur commercial au sein de la soci\u00e9t\u00e9 franco-espagnole CUBICBEG.<\/p><p data-start=\"1561\" data-end=\"1774\">Chez ATHOL, en tant que Directeur Asset &amp; Property Management, il apporte sa connaissance approfondie du march\u00e9 national et local, ainsi que son expertise technique en construction et ses comp\u00e9tences commerciales.<\/p>\t\t\t\t\t\t\t\t<\/div>\n\t\t\t\t<\/div>\n\t\t\t\t\t<\/div>\n\t\t<\/div>\n\t\t\t\t\t<\/div>\n\t\t<\/section>\n\t\t\t\t<section class=\"elementor-section elementor-top-section elementor-element elementor-element-9209b9e elementor-section-boxed elementor-section-height-default elementor-section-height-default\" data-id=\"9209b9e\" data-element_type=\"section\" data-settings=\"{&quot;_ha_eqh_enable&quot;:false}\">\n\t\t\t\t\t\t<div class=\"elementor-container elementor-column-gap-default\">\n\t\t\t\t\t<div class=\"elementor-column elementor-col-100 elementor-top-column elementor-element elementor-element-d622ebd\" data-id=\"d622ebd\" data-element_type=\"column\">\n\t\t\t<div class=\"elementor-widget-wrap elementor-element-populated\">\n\t\t\t\t\t\t<div class=\"elementor-element elementor-element-7581186 elementor-widget elementor-widget-spacer\" data-id=\"7581186\" data-element_type=\"widget\" data-widget_type=\"spacer.default\">\n\t\t\t\t<div class=\"elementor-widget-container\">\n\t\t\t\t\t\t\t<div class=\"elementor-spacer\">\n\t\t\t<div class=\"elementor-spacer-inner\"><\/div>\n\t\t<\/div>\n\t\t\t\t\t\t<\/div>\n\t\t\t\t<\/div>\n\t\t\t\t\t<\/div>\n\t\t<\/div>\n\t\t\t\t\t<\/div>\n\t\t<\/section>\n\t\t\t\t<\/div>\n\t\t","protected":false},"excerpt":{"rendered":"<p>Julio Fern\u00e1ndez Mart\u00edn Director de Asset &amp; Property Management\u00a0 +34 917 443 159 +34 630 793 975 jfernandez@athol.es Linkedin Julio es un profesional del sector inmobiliario y de la construcci\u00f3n con una larga trayectoria tiene m\u00e1s de 30 a\u00f1os en el sector de la construcci\u00f3n, abarcando todas sus etapas, e iniciada en PRECON (Prefabricaciones y [&hellip;]<\/p>\n","protected":false},"author":7,"featured_media":0,"parent":5706,"menu_order":0,"comment_status":"closed","ping_status":"closed","template":"","meta":{"_acf_changed":false,"footnotes":""},"class_list":["post-5908","page","type-page","status-publish","hentry"],"acf":[],"_links":{"self":[{"href":"https:\/\/www.athol.es\/fr\/wp-json\/wp\/v2\/pages\/5908","targetHints":{"allow":["GET"]}}],"collection":[{"href":"https:\/\/www.athol.es\/fr\/wp-json\/wp\/v2\/pages"}],"about":[{"href":"https:\/\/www.athol.es\/fr\/wp-json\/wp\/v2\/types\/page"}],"author":[{"embeddable":true,"href":"https:\/\/www.athol.es\/fr\/wp-json\/wp\/v2\/users\/7"}],"replies":[{"embeddable":true,"href":"https:\/\/www.athol.es\/fr\/wp-json\/wp\/v2\/comments?post=5908"}],"version-history":[{"count":0,"href":"https:\/\/www.athol.es\/fr\/wp-json\/wp\/v2\/pages\/5908\/revisions"}],"up":[{"embeddable":true,"href":"https:\/\/www.athol.es\/fr\/wp-json\/wp\/v2\/pages\/5706"}],"wp:attachment":[{"href":"https:\/\/www.athol.es\/fr\/wp-json\/wp\/v2\/media?parent=5908"}],"curies":[{"name":"wp","href":"https:\/\/api.w.org\/{rel}","templated":true}]}}