{"id":5894,"date":"2025-11-27T15:20:11","date_gmt":"2025-11-27T14:20:11","guid":{"rendered":"https:\/\/www.athol.es\/?page_id=5894"},"modified":"2026-04-09T15:03:38","modified_gmt":"2026-04-09T13:03:38","slug":"jaime-avila","status":"publish","type":"page","link":"https:\/\/www.athol.es\/fr\/notre-equipe\/jaime-avila\/","title":{"rendered":"Jaime \u00c1vila"},"content":{"rendered":"\t\t<div data-elementor-type=\"wp-page\" data-elementor-id=\"5894\" class=\"elementor elementor-5894\" data-elementor-settings=\"{&quot;ha_cmc_init_switcher&quot;:&quot;no&quot;}\" data-elementor-post-type=\"page\">\n\t\t\t\t\t\t<section class=\"elementor-section elementor-top-section elementor-element elementor-element-76f8b24 elementor-section-boxed elementor-section-height-default elementor-section-height-default\" data-id=\"76f8b24\" data-element_type=\"section\" data-settings=\"{&quot;_ha_eqh_enable&quot;:false}\">\n\t\t\t\t\t\t<div class=\"elementor-container elementor-column-gap-default\">\n\t\t\t\t\t<div class=\"elementor-column elementor-col-100 elementor-top-column elementor-element elementor-element-b4fd68c\" data-id=\"b4fd68c\" data-element_type=\"column\">\n\t\t\t<div class=\"elementor-widget-wrap elementor-element-populated\">\n\t\t\t\t\t\t<div class=\"elementor-element elementor-element-ca4a6a9 elementor-widget elementor-widget-heading\" data-id=\"ca4a6a9\" data-element_type=\"widget\" id=\"nombre-bio\" data-widget_type=\"heading.default\">\n\t\t\t\t<div class=\"elementor-widget-container\">\n\t\t\t\t\t<h2 class=\"elementor-heading-title elementor-size-default\">Jaime \u00c1vila G\u00f3mez<\/h2>\t\t\t\t<\/div>\n\t\t\t\t<\/div>\n\t\t\t\t<div class=\"elementor-element elementor-element-74a6bba elementor-widget elementor-widget-text-editor\" data-id=\"74a6bba\" data-element_type=\"widget\" data-widget_type=\"text-editor.default\">\n\t\t\t\t<div class=\"elementor-widget-container\">\n\t\t\t\t\t\t\t\t\t<p>Head of Investment<\/p>\t\t\t\t\t\t\t\t<\/div>\n\t\t\t\t<\/div>\n\t\t\t\t\t<\/div>\n\t\t<\/div>\n\t\t\t\t\t<\/div>\n\t\t<\/section>\n\t\t\t\t<section class=\"elementor-section elementor-top-section elementor-element elementor-element-e8136e7 elementor-hidden-desktop elementor-hidden-tablet elementor-section-boxed elementor-section-height-default elementor-section-height-default\" data-id=\"e8136e7\" data-element_type=\"section\" data-settings=\"{&quot;_ha_eqh_enable&quot;:false}\">\n\t\t\t\t\t\t<div class=\"elementor-container elementor-column-gap-default\">\n\t\t\t\t\t<div class=\"elementor-column elementor-col-100 elementor-top-column elementor-element elementor-element-7613ef6\" data-id=\"7613ef6\" data-element_type=\"column\">\n\t\t\t<div class=\"elementor-widget-wrap elementor-element-populated\">\n\t\t\t\t\t\t<div class=\"elementor-element elementor-element-197df76 elementor-widget__width-initial elementor-widget elementor-widget-image\" data-id=\"197df76\" data-element_type=\"widget\" data-widget_type=\"image.default\">\n\t\t\t\t<div class=\"elementor-widget-container\">\n\t\t\t\t\t\t\t\t\t\t\t\t\t\t\t<img fetchpriority=\"high\" decoding=\"async\" width=\"800\" height=\"800\" src=\"https:\/\/www.athol.es\/wp-content\/uploads\/2026\/03\/JAIME-AVILA-1.jpg\" class=\"attachment-large size-large wp-image-7269\" alt=\"\" srcset=\"https:\/\/www.athol.es\/wp-content\/uploads\/2026\/03\/JAIME-AVILA-1.jpg 800w, https:\/\/www.athol.es\/wp-content\/uploads\/2026\/03\/elementor\/thumbs\/JAIME-AVILA-1-rkla1qqrf6jy7p7cdmnggqo3atpcucyc1xd72xw914.jpg 300w, https:\/\/www.athol.es\/wp-content\/uploads\/2026\/03\/JAIME-AVILA-1-150x150.jpg 150w, https:\/\/www.athol.es\/wp-content\/uploads\/2026\/03\/JAIME-AVILA-1-768x768.jpg 768w, https:\/\/www.athol.es\/wp-content\/uploads\/2026\/03\/elementor\/thumbs\/JAIME-AVILA-1-rkla1qqv2qx91pojmd8ysz76euc8tmlhpb4pj5bx4g.jpg 600w\" sizes=\"(max-width: 800px) 100vw, 800px\" \/>\t\t\t\t\t\t\t\t\t\t\t\t\t\t\t<\/div>\n\t\t\t\t<\/div>\n\t\t\t\t\t<\/div>\n\t\t<\/div>\n\t\t\t\t\t<\/div>\n\t\t<\/section>\n\t\t\t\t<section class=\"elementor-section elementor-top-section elementor-element elementor-element-ac81fa6 elementor-section-boxed elementor-section-height-default elementor-section-height-default\" data-id=\"ac81fa6\" data-element_type=\"section\" data-settings=\"{&quot;background_background&quot;:&quot;classic&quot;,&quot;_ha_eqh_enable&quot;:false}\">\n\t\t\t\t\t\t<div class=\"elementor-container elementor-column-gap-default\">\n\t\t\t\t\t<div class=\"elementor-column elementor-col-50 elementor-top-column elementor-element elementor-element-d448332\" data-id=\"d448332\" data-element_type=\"column\" id=\"info-bio\">\n\t\t\t<div class=\"elementor-widget-wrap elementor-element-populated\">\n\t\t\t\t\t\t<section class=\"elementor-section elementor-inner-section elementor-element elementor-element-43259f1 elementor-section-boxed elementor-section-height-default elementor-section-height-default\" data-id=\"43259f1\" data-element_type=\"section\" id=\"datos-bio\" data-settings=\"{&quot;_ha_eqh_enable&quot;:false}\">\n\t\t\t\t\t\t<div class=\"elementor-container elementor-column-gap-default\">\n\t\t\t\t\t<div class=\"elementor-column elementor-col-50 elementor-inner-column elementor-element elementor-element-0cb040c\" data-id=\"0cb040c\" data-element_type=\"column\">\n\t\t\t<div class=\"elementor-widget-wrap elementor-element-populated\">\n\t\t\t\t\t\t<div class=\"elementor-element elementor-element-4e92532 elementor-icon-list--layout-traditional elementor-list-item-link-full_width elementor-widget elementor-widget-icon-list\" data-id=\"4e92532\" data-element_type=\"widget\" data-widget_type=\"icon-list.default\">\n\t\t\t\t<div class=\"elementor-widget-container\">\n\t\t\t\t\t\t\t<ul class=\"elementor-icon-list-items\">\n\t\t\t\t\t\t\t<li class=\"elementor-icon-list-item\">\n\t\t\t\t\t\t\t\t\t\t\t<span class=\"elementor-icon-list-icon\">\n\t\t\t\t\t\t\t<i aria-hidden=\"true\" class=\"fas fa-phone-alt\"><\/i>\t\t\t\t\t\t<\/span>\n\t\t\t\t\t\t\t\t\t\t<span class=\"elementor-icon-list-text\">+34 917 443 159<\/span>\n\t\t\t\t\t\t\t\t\t<\/li>\n\t\t\t\t\t\t\t\t<li class=\"elementor-icon-list-item\">\n\t\t\t\t\t\t\t\t\t\t\t<span class=\"elementor-icon-list-icon\">\n\t\t\t\t\t\t\t<i aria-hidden=\"true\" class=\"fas fa-mobile-alt\"><\/i>\t\t\t\t\t\t<\/span>\n\t\t\t\t\t\t\t\t\t\t<span class=\"elementor-icon-list-text\">+34 630 762 237<\/span>\n\t\t\t\t\t\t\t\t\t<\/li>\n\t\t\t\t\t\t\t\t<li class=\"elementor-icon-list-item\">\n\t\t\t\t\t\t\t\t\t\t\t<span class=\"elementor-icon-list-icon\">\n\t\t\t\t\t\t\t<i aria-hidden=\"true\" class=\"far fa-envelope\"><\/i>\t\t\t\t\t\t<\/span>\n\t\t\t\t\t\t\t\t\t\t<span class=\"elementor-icon-list-text\">jaimeavila@athol.es<\/span>\n\t\t\t\t\t\t\t\t\t<\/li>\n\t\t\t\t\t\t<\/ul>\n\t\t\t\t\t\t<\/div>\n\t\t\t\t<\/div>\n\t\t\t\t\t<\/div>\n\t\t<\/div>\n\t\t\t\t<div class=\"elementor-column elementor-col-50 elementor-inner-column elementor-element elementor-element-f452235\" data-id=\"f452235\" data-element_type=\"column\">\n\t\t\t<div class=\"elementor-widget-wrap elementor-element-populated\">\n\t\t\t\t\t\t<div class=\"elementor-element elementor-element-d1ae9da e-grid-align-mobile-left elementor-shape-rounded elementor-grid-0 e-grid-align-center elementor-widget elementor-widget-social-icons\" data-id=\"d1ae9da\" data-element_type=\"widget\" id=\"icono-in\" data-widget_type=\"social-icons.default\">\n\t\t\t\t<div class=\"elementor-widget-container\">\n\t\t\t\t\t\t\t<div class=\"elementor-social-icons-wrapper elementor-grid\">\n\t\t\t\t\t\t\t<span class=\"elementor-grid-item\">\n\t\t\t\t\t<a class=\"elementor-icon elementor-social-icon elementor-social-icon-linkedin elementor-repeater-item-2322ce2\" href=\"https:\/\/www.linkedin.com\/in\/jaimeavilagomez\/\" target=\"_blank\" rel=\"noopener\">\n\t\t\t\t\t\t<span class=\"elementor-screen-only\">Linkedin<\/span>\n\t\t\t\t\t\t<i aria-hidden=\"true\" class=\"fab fa-linkedin\"><\/i>\t\t\t\t\t<\/a>\n\t\t\t\t<\/span>\n\t\t\t\t\t<\/div>\n\t\t\t\t\t\t<\/div>\n\t\t\t\t<\/div>\n\t\t\t\t\t<\/div>\n\t\t<\/div>\n\t\t\t\t\t<\/div>\n\t\t<\/section>\n\t\t\t\t\t<\/div>\n\t\t<\/div>\n\t\t\t\t<div class=\"elementor-column elementor-col-50 elementor-top-column elementor-element elementor-element-d470529 elementor-hidden-mobile\" data-id=\"d470529\" data-element_type=\"column\" id=\"foto-bio\">\n\t\t\t<div class=\"elementor-widget-wrap elementor-element-populated\">\n\t\t\t\t\t\t<div class=\"elementor-element elementor-element-28a473d elementor-widget__width-initial elementor-widget elementor-widget-image\" data-id=\"28a473d\" data-element_type=\"widget\" data-widget_type=\"image.default\">\n\t\t\t\t<div class=\"elementor-widget-container\">\n\t\t\t\t\t\t\t\t\t\t\t\t\t\t\t<img fetchpriority=\"high\" decoding=\"async\" width=\"800\" height=\"800\" src=\"https:\/\/www.athol.es\/wp-content\/uploads\/2026\/03\/JAIME-AVILA-1.jpg\" class=\"attachment-large size-large wp-image-7269\" alt=\"\" srcset=\"https:\/\/www.athol.es\/wp-content\/uploads\/2026\/03\/JAIME-AVILA-1.jpg 800w, https:\/\/www.athol.es\/wp-content\/uploads\/2026\/03\/elementor\/thumbs\/JAIME-AVILA-1-rkla1qqrf6jy7p7cdmnggqo3atpcucyc1xd72xw914.jpg 300w, https:\/\/www.athol.es\/wp-content\/uploads\/2026\/03\/JAIME-AVILA-1-150x150.jpg 150w, https:\/\/www.athol.es\/wp-content\/uploads\/2026\/03\/JAIME-AVILA-1-768x768.jpg 768w, https:\/\/www.athol.es\/wp-content\/uploads\/2026\/03\/elementor\/thumbs\/JAIME-AVILA-1-rkla1qqv2qx91pojmd8ysz76euc8tmlhpb4pj5bx4g.jpg 600w\" sizes=\"(max-width: 800px) 100vw, 800px\" \/>\t\t\t\t\t\t\t\t\t\t\t\t\t\t\t<\/div>\n\t\t\t\t<\/div>\n\t\t\t\t\t<\/div>\n\t\t<\/div>\n\t\t\t\t\t<\/div>\n\t\t<\/section>\n\t\t\t\t<section class=\"elementor-section elementor-top-section elementor-element elementor-element-7c34fe9 elementor-section-boxed elementor-section-height-default elementor-section-height-default\" data-id=\"7c34fe9\" data-element_type=\"section\" data-settings=\"{&quot;_ha_eqh_enable&quot;:false}\">\n\t\t\t\t\t\t<div class=\"elementor-container elementor-column-gap-default\">\n\t\t\t\t\t<div class=\"elementor-column elementor-col-100 elementor-top-column elementor-element elementor-element-0d0d566\" data-id=\"0d0d566\" data-element_type=\"column\">\n\t\t\t<div class=\"elementor-widget-wrap elementor-element-populated\">\n\t\t\t\t\t\t<div class=\"elementor-element elementor-element-12f5e70 elementor-widget elementor-widget-spacer\" data-id=\"12f5e70\" data-element_type=\"widget\" data-widget_type=\"spacer.default\">\n\t\t\t\t<div class=\"elementor-widget-container\">\n\t\t\t\t\t\t\t<div class=\"elementor-spacer\">\n\t\t\t<div class=\"elementor-spacer-inner\"><\/div>\n\t\t<\/div>\n\t\t\t\t\t\t<\/div>\n\t\t\t\t<\/div>\n\t\t\t\t\t<\/div>\n\t\t<\/div>\n\t\t\t\t\t<\/div>\n\t\t<\/section>\n\t\t\t\t<section class=\"elementor-section elementor-top-section elementor-element elementor-element-5f83305 elementor-section-boxed elementor-section-height-default elementor-section-height-default\" data-id=\"5f83305\" data-element_type=\"section\" data-settings=\"{&quot;_ha_eqh_enable&quot;:false}\">\n\t\t\t\t\t\t<div class=\"elementor-container elementor-column-gap-default\">\n\t\t\t\t\t<div class=\"elementor-column elementor-col-100 elementor-top-column elementor-element elementor-element-1b50254\" data-id=\"1b50254\" data-element_type=\"column\">\n\t\t\t<div class=\"elementor-widget-wrap elementor-element-populated\">\n\t\t\t\t\t\t<div class=\"elementor-element elementor-element-042dbf9 elementor-widget elementor-widget-text-editor\" data-id=\"042dbf9\" data-element_type=\"widget\" data-widget_type=\"text-editor.default\">\n\t\t\t\t<div class=\"elementor-widget-container\">\n\t\t\t\t\t\t\t\t\t<p data-start=\"889\" data-end=\"1081\">Avec 12 ans d\u2019exp\u00e9rience dans le secteur immobilier, il est architecte dipl\u00f4m\u00e9 de l\u2019Universit\u00e9 Polytechnique de Madrid et titulaire d\u2019un Master en direction d\u2019entreprises immobili\u00e8res de l\u2019IE.<\/p><p data-start=\"1083\" data-end=\"1301\">Il poss\u00e8de une vaste exp\u00e9rience dans l\u2019identification et l\u2019analyse d\u2019opportunit\u00e9s d\u2019investissement, ainsi qu\u2019une forte capacit\u00e9 \u00e0 d\u00e9velopper et g\u00e9rer les relations avec les investisseurs et les partenaires commerciaux.<\/p><p data-start=\"1303\" data-end=\"1689\">Avant de rejoindre Athol, il a travaill\u00e9 dans des entreprises telles que Catella et Forcadell, r\u00e9alisant des transactions d\u2019investissement et des activit\u00e9s de commercialisation, apr\u00e8s avoir d\u00e9but\u00e9 sa carri\u00e8re comme architecte chez Acciona et JLL-T\u00e9tris, couvrant l\u2019ensemble du cycle de vie d\u2019un actif immobilier, de son acquisition, construction et commercialisation jusqu\u2019\u00e0 sa cession.<\/p><p data-start=\"1691\" data-end=\"1843\">Jaime \u00c1vila G\u00f3mez joue un r\u00f4le fondamental dans la croissance d\u2019ATHOL, en g\u00e9n\u00e9rant de nouvelles opportunit\u00e9s cr\u00e9atrices de valeur pour les actionnaires.<\/p>\t\t\t\t\t\t\t\t<\/div>\n\t\t\t\t<\/div>\n\t\t\t\t\t<\/div>\n\t\t<\/div>\n\t\t\t\t\t<\/div>\n\t\t<\/section>\n\t\t\t\t<section class=\"elementor-section elementor-top-section elementor-element elementor-element-9209b9e elementor-section-boxed elementor-section-height-default elementor-section-height-default\" data-id=\"9209b9e\" data-element_type=\"section\" data-settings=\"{&quot;_ha_eqh_enable&quot;:false}\">\n\t\t\t\t\t\t<div class=\"elementor-container elementor-column-gap-default\">\n\t\t\t\t\t<div class=\"elementor-column elementor-col-100 elementor-top-column elementor-element elementor-element-d622ebd\" data-id=\"d622ebd\" data-element_type=\"column\">\n\t\t\t<div class=\"elementor-widget-wrap elementor-element-populated\">\n\t\t\t\t\t\t<div class=\"elementor-element elementor-element-7581186 elementor-widget elementor-widget-spacer\" data-id=\"7581186\" data-element_type=\"widget\" data-widget_type=\"spacer.default\">\n\t\t\t\t<div class=\"elementor-widget-container\">\n\t\t\t\t\t\t\t<div class=\"elementor-spacer\">\n\t\t\t<div class=\"elementor-spacer-inner\"><\/div>\n\t\t<\/div>\n\t\t\t\t\t\t<\/div>\n\t\t\t\t<\/div>\n\t\t\t\t\t<\/div>\n\t\t<\/div>\n\t\t\t\t\t<\/div>\n\t\t<\/section>\n\t\t\t\t<\/div>\n\t\t","protected":false},"excerpt":{"rendered":"<p>Jaime \u00c1vila G\u00f3mez Head of Investment +34 917 443 159 +34 630 762 237 jaimeavila@athol.es Linkedin Con 12 a\u00f1os de experiencia en el sector inmobiliario, es Arquitecto por la Universidad polit\u00e9cnica de Madrid, y Master en direcci\u00f3n de empresas inmobiliarios por el IE. Jaime acumula una amplia experiencia en la identificaci\u00f3n y an\u00e1lisis de oportunidades [&hellip;]<\/p>\n","protected":false},"author":7,"featured_media":0,"parent":5706,"menu_order":0,"comment_status":"closed","ping_status":"closed","template":"","meta":{"_acf_changed":false,"footnotes":""},"class_list":["post-5894","page","type-page","status-publish","hentry"],"acf":[],"_links":{"self":[{"href":"https:\/\/www.athol.es\/fr\/wp-json\/wp\/v2\/pages\/5894","targetHints":{"allow":["GET"]}}],"collection":[{"href":"https:\/\/www.athol.es\/fr\/wp-json\/wp\/v2\/pages"}],"about":[{"href":"https:\/\/www.athol.es\/fr\/wp-json\/wp\/v2\/types\/page"}],"author":[{"embeddable":true,"href":"https:\/\/www.athol.es\/fr\/wp-json\/wp\/v2\/users\/7"}],"replies":[{"embeddable":true,"href":"https:\/\/www.athol.es\/fr\/wp-json\/wp\/v2\/comments?post=5894"}],"version-history":[{"count":0,"href":"https:\/\/www.athol.es\/fr\/wp-json\/wp\/v2\/pages\/5894\/revisions"}],"up":[{"embeddable":true,"href":"https:\/\/www.athol.es\/fr\/wp-json\/wp\/v2\/pages\/5706"}],"wp:attachment":[{"href":"https:\/\/www.athol.es\/fr\/wp-json\/wp\/v2\/media?parent=5894"}],"curies":[{"name":"wp","href":"https:\/\/api.w.org\/{rel}","templated":true}]}}