{"id":5740,"date":"2025-11-14T12:17:14","date_gmt":"2025-11-14T11:17:14","guid":{"rendered":"https:\/\/www.athol.es\/?page_id=5740"},"modified":"2026-04-09T14:55:39","modified_gmt":"2026-04-09T12:55:39","slug":"pablo-corona","status":"publish","type":"page","link":"https:\/\/www.athol.es\/fr\/notre-equipe\/pablo-corona\/","title":{"rendered":"Pablo Corona"},"content":{"rendered":"\t\t<div data-elementor-type=\"wp-page\" data-elementor-id=\"5740\" class=\"elementor elementor-5740\" data-elementor-settings=\"{&quot;ha_cmc_init_switcher&quot;:&quot;no&quot;}\" data-elementor-post-type=\"page\">\n\t\t\t\t\t\t<section class=\"elementor-section elementor-top-section elementor-element elementor-element-76f8b24 elementor-section-boxed elementor-section-height-default elementor-section-height-default\" data-id=\"76f8b24\" data-element_type=\"section\" data-settings=\"{&quot;_ha_eqh_enable&quot;:false}\">\n\t\t\t\t\t\t<div class=\"elementor-container elementor-column-gap-default\">\n\t\t\t\t\t<div class=\"elementor-column elementor-col-100 elementor-top-column elementor-element elementor-element-b4fd68c\" data-id=\"b4fd68c\" data-element_type=\"column\">\n\t\t\t<div class=\"elementor-widget-wrap elementor-element-populated\">\n\t\t\t\t\t\t<div class=\"elementor-element elementor-element-ca4a6a9 elementor-widget elementor-widget-heading\" data-id=\"ca4a6a9\" data-element_type=\"widget\" id=\"nombre-bio\" data-widget_type=\"heading.default\">\n\t\t\t\t<div class=\"elementor-widget-container\">\n\t\t\t\t\t<h2 class=\"elementor-heading-title elementor-size-default\">Pablo Corona Montes<\/h2>\t\t\t\t<\/div>\n\t\t\t\t<\/div>\n\t\t\t\t<div class=\"elementor-element elementor-element-74a6bba elementor-widget elementor-widget-text-editor\" data-id=\"74a6bba\" data-element_type=\"widget\" data-widget_type=\"text-editor.default\">\n\t\t\t\t<div class=\"elementor-widget-container\">\n\t\t\t\t\t\t\t\t\t<p>Investment Associate<\/p>\t\t\t\t\t\t\t\t<\/div>\n\t\t\t\t<\/div>\n\t\t\t\t\t<\/div>\n\t\t<\/div>\n\t\t\t\t\t<\/div>\n\t\t<\/section>\n\t\t\t\t<section class=\"elementor-section elementor-top-section elementor-element elementor-element-e8136e7 elementor-hidden-desktop elementor-hidden-tablet elementor-section-boxed elementor-section-height-default elementor-section-height-default\" data-id=\"e8136e7\" data-element_type=\"section\" data-settings=\"{&quot;_ha_eqh_enable&quot;:false}\">\n\t\t\t\t\t\t<div class=\"elementor-container elementor-column-gap-default\">\n\t\t\t\t\t<div class=\"elementor-column elementor-col-100 elementor-top-column elementor-element elementor-element-7613ef6\" data-id=\"7613ef6\" data-element_type=\"column\">\n\t\t\t<div class=\"elementor-widget-wrap elementor-element-populated\">\n\t\t\t\t\t\t<div class=\"elementor-element elementor-element-197df76 elementor-widget__width-initial elementor-widget elementor-widget-image\" data-id=\"197df76\" data-element_type=\"widget\" data-widget_type=\"image.default\">\n\t\t\t\t<div class=\"elementor-widget-container\">\n\t\t\t\t\t\t\t\t\t\t\t\t\t\t\t<img fetchpriority=\"high\" decoding=\"async\" width=\"784\" height=\"813\" src=\"https:\/\/www.athol.es\/wp-content\/uploads\/2026\/03\/pablo-corona-montes.jpg\" class=\"attachment-large size-large wp-image-7391\" alt=\"\" srcset=\"https:\/\/www.athol.es\/wp-content\/uploads\/2026\/03\/pablo-corona-montes.jpg 784w, https:\/\/www.athol.es\/wp-content\/uploads\/2026\/03\/pablo-corona-montes-289x300.jpg 289w, https:\/\/www.athol.es\/wp-content\/uploads\/2026\/03\/pablo-corona-montes-768x796.jpg 768w\" sizes=\"(max-width: 784px) 100vw, 784px\" \/>\t\t\t\t\t\t\t\t\t\t\t\t\t\t\t<\/div>\n\t\t\t\t<\/div>\n\t\t\t\t\t<\/div>\n\t\t<\/div>\n\t\t\t\t\t<\/div>\n\t\t<\/section>\n\t\t\t\t<section class=\"elementor-section elementor-top-section elementor-element elementor-element-ac81fa6 elementor-section-boxed elementor-section-height-default elementor-section-height-default\" data-id=\"ac81fa6\" data-element_type=\"section\" data-settings=\"{&quot;background_background&quot;:&quot;classic&quot;,&quot;_ha_eqh_enable&quot;:false}\">\n\t\t\t\t\t\t<div class=\"elementor-container elementor-column-gap-default\">\n\t\t\t\t\t<div class=\"elementor-column elementor-col-50 elementor-top-column elementor-element elementor-element-d448332\" data-id=\"d448332\" data-element_type=\"column\" id=\"info-bio\">\n\t\t\t<div class=\"elementor-widget-wrap elementor-element-populated\">\n\t\t\t\t\t\t<section class=\"elementor-section elementor-inner-section elementor-element elementor-element-43259f1 elementor-section-boxed elementor-section-height-default elementor-section-height-default\" data-id=\"43259f1\" data-element_type=\"section\" id=\"datos-bio\" data-settings=\"{&quot;_ha_eqh_enable&quot;:false}\">\n\t\t\t\t\t\t<div class=\"elementor-container elementor-column-gap-default\">\n\t\t\t\t\t<div class=\"elementor-column elementor-col-50 elementor-inner-column elementor-element elementor-element-0cb040c\" data-id=\"0cb040c\" data-element_type=\"column\">\n\t\t\t<div class=\"elementor-widget-wrap elementor-element-populated\">\n\t\t\t\t\t\t<div class=\"elementor-element elementor-element-4e92532 elementor-icon-list--layout-traditional elementor-list-item-link-full_width elementor-widget elementor-widget-icon-list\" data-id=\"4e92532\" data-element_type=\"widget\" data-widget_type=\"icon-list.default\">\n\t\t\t\t<div class=\"elementor-widget-container\">\n\t\t\t\t\t\t\t<ul class=\"elementor-icon-list-items\">\n\t\t\t\t\t\t\t<li class=\"elementor-icon-list-item\">\n\t\t\t\t\t\t\t\t\t\t\t<span class=\"elementor-icon-list-icon\">\n\t\t\t\t\t\t\t<i aria-hidden=\"true\" class=\"fas fa-phone-alt\"><\/i>\t\t\t\t\t\t<\/span>\n\t\t\t\t\t\t\t\t\t\t<span class=\"elementor-icon-list-text\">+34 917 443 159<\/span>\n\t\t\t\t\t\t\t\t\t<\/li>\n\t\t\t\t\t\t\t\t<li class=\"elementor-icon-list-item\">\n\t\t\t\t\t\t\t\t\t\t\t<span class=\"elementor-icon-list-icon\">\n\t\t\t\t\t\t\t<i aria-hidden=\"true\" class=\"fas fa-mobile-alt\"><\/i>\t\t\t\t\t\t<\/span>\n\t\t\t\t\t\t\t\t\t\t<span class=\"elementor-icon-list-text\">+34 661 143 960<\/span>\n\t\t\t\t\t\t\t\t\t<\/li>\n\t\t\t\t\t\t\t\t<li class=\"elementor-icon-list-item\">\n\t\t\t\t\t\t\t\t\t\t\t<span class=\"elementor-icon-list-icon\">\n\t\t\t\t\t\t\t<i aria-hidden=\"true\" class=\"far fa-envelope\"><\/i>\t\t\t\t\t\t<\/span>\n\t\t\t\t\t\t\t\t\t\t<span class=\"elementor-icon-list-text\">pcorona@athol.es<\/span>\n\t\t\t\t\t\t\t\t\t<\/li>\n\t\t\t\t\t\t<\/ul>\n\t\t\t\t\t\t<\/div>\n\t\t\t\t<\/div>\n\t\t\t\t\t<\/div>\n\t\t<\/div>\n\t\t\t\t<div class=\"elementor-column elementor-col-50 elementor-inner-column elementor-element elementor-element-f452235\" data-id=\"f452235\" data-element_type=\"column\">\n\t\t\t<div class=\"elementor-widget-wrap elementor-element-populated\">\n\t\t\t\t\t\t<div class=\"elementor-element elementor-element-b68c93a e-grid-align-mobile-left elementor-shape-rounded elementor-grid-0 e-grid-align-center elementor-widget elementor-widget-social-icons\" data-id=\"b68c93a\" data-element_type=\"widget\" data-widget_type=\"social-icons.default\">\n\t\t\t\t<div class=\"elementor-widget-container\">\n\t\t\t\t\t\t\t<div class=\"elementor-social-icons-wrapper elementor-grid\">\n\t\t\t\t\t\t\t<span class=\"elementor-grid-item\">\n\t\t\t\t\t<a class=\"elementor-icon elementor-social-icon elementor-social-icon-linkedin elementor-repeater-item-2322ce2\" href=\"https:\/\/www.linkedin.com\/in\/pablo-corona-montes-06573a164\/\" target=\"_blank\" rel=\"noopener\">\n\t\t\t\t\t\t<span class=\"elementor-screen-only\">Linkedin<\/span>\n\t\t\t\t\t\t<i aria-hidden=\"true\" class=\"fab fa-linkedin\"><\/i>\t\t\t\t\t<\/a>\n\t\t\t\t<\/span>\n\t\t\t\t\t<\/div>\n\t\t\t\t\t\t<\/div>\n\t\t\t\t<\/div>\n\t\t\t\t\t<\/div>\n\t\t<\/div>\n\t\t\t\t\t<\/div>\n\t\t<\/section>\n\t\t\t\t\t<\/div>\n\t\t<\/div>\n\t\t\t\t<div class=\"elementor-column elementor-col-50 elementor-top-column elementor-element elementor-element-d470529 elementor-hidden-mobile\" data-id=\"d470529\" data-element_type=\"column\" id=\"foto-bio\">\n\t\t\t<div class=\"elementor-widget-wrap elementor-element-populated\">\n\t\t\t\t\t\t<div class=\"elementor-element elementor-element-28a473d elementor-widget__width-initial elementor-widget elementor-widget-image\" data-id=\"28a473d\" data-element_type=\"widget\" data-widget_type=\"image.default\">\n\t\t\t\t<div class=\"elementor-widget-container\">\n\t\t\t\t\t\t\t\t\t\t\t\t\t\t\t<img fetchpriority=\"high\" decoding=\"async\" width=\"784\" height=\"813\" src=\"https:\/\/www.athol.es\/wp-content\/uploads\/2026\/03\/pablo-corona-montes.jpg\" class=\"attachment-large size-large wp-image-7391\" alt=\"\" srcset=\"https:\/\/www.athol.es\/wp-content\/uploads\/2026\/03\/pablo-corona-montes.jpg 784w, https:\/\/www.athol.es\/wp-content\/uploads\/2026\/03\/pablo-corona-montes-289x300.jpg 289w, https:\/\/www.athol.es\/wp-content\/uploads\/2026\/03\/pablo-corona-montes-768x796.jpg 768w\" sizes=\"(max-width: 784px) 100vw, 784px\" \/>\t\t\t\t\t\t\t\t\t\t\t\t\t\t\t<\/div>\n\t\t\t\t<\/div>\n\t\t\t\t\t<\/div>\n\t\t<\/div>\n\t\t\t\t\t<\/div>\n\t\t<\/section>\n\t\t\t\t<section class=\"elementor-section elementor-top-section elementor-element elementor-element-7c34fe9 elementor-section-boxed elementor-section-height-default elementor-section-height-default\" data-id=\"7c34fe9\" data-element_type=\"section\" data-settings=\"{&quot;_ha_eqh_enable&quot;:false}\">\n\t\t\t\t\t\t<div class=\"elementor-container elementor-column-gap-default\">\n\t\t\t\t\t<div class=\"elementor-column elementor-col-100 elementor-top-column elementor-element elementor-element-0d0d566\" data-id=\"0d0d566\" data-element_type=\"column\">\n\t\t\t<div class=\"elementor-widget-wrap elementor-element-populated\">\n\t\t\t\t\t\t<div class=\"elementor-element elementor-element-12f5e70 elementor-widget elementor-widget-spacer\" data-id=\"12f5e70\" data-element_type=\"widget\" data-widget_type=\"spacer.default\">\n\t\t\t\t<div class=\"elementor-widget-container\">\n\t\t\t\t\t\t\t<div class=\"elementor-spacer\">\n\t\t\t<div class=\"elementor-spacer-inner\"><\/div>\n\t\t<\/div>\n\t\t\t\t\t\t<\/div>\n\t\t\t\t<\/div>\n\t\t\t\t\t<\/div>\n\t\t<\/div>\n\t\t\t\t\t<\/div>\n\t\t<\/section>\n\t\t\t\t<section class=\"elementor-section elementor-top-section elementor-element elementor-element-5f83305 elementor-section-boxed elementor-section-height-default elementor-section-height-default\" data-id=\"5f83305\" data-element_type=\"section\" data-settings=\"{&quot;_ha_eqh_enable&quot;:false}\">\n\t\t\t\t\t\t<div class=\"elementor-container elementor-column-gap-default\">\n\t\t\t\t\t<div class=\"elementor-column elementor-col-100 elementor-top-column elementor-element elementor-element-1b50254\" data-id=\"1b50254\" data-element_type=\"column\">\n\t\t\t<div class=\"elementor-widget-wrap elementor-element-populated\">\n\t\t\t\t\t\t<div class=\"elementor-element elementor-element-042dbf9 elementor-widget elementor-widget-text-editor\" data-id=\"042dbf9\" data-element_type=\"widget\" data-widget_type=\"text-editor.default\">\n\t\t\t\t<div class=\"elementor-widget-container\">\n\t\t\t\t\t\t\t\t\t<p data-start=\"804\" data-end=\"909\">Titulaire d\u2019un double dipl\u00f4me en droit et administration des entreprises (programme en anglais) de CUNEF.<\/p><p data-start=\"911\" data-end=\"1101\">Avant de rejoindre ATHOL, il a travaill\u00e9 chez Savills, r\u00e9alisant des transactions d\u2019investissement, des missions de commercialisation, d\u2019\u00e9valuation, de financement et de conseil strat\u00e9gique.<\/p><p data-start=\"1103\" data-end=\"1271\">Il poss\u00e8de une vision \u00e0 360\u00b0 du secteur, ayant analys\u00e9 des projets allant des actifs les plus traditionnels aux actifs alternatifs et aux nouvelles tendances du march\u00e9.<\/p><p data-start=\"1273\" data-end=\"1429\">Il a acquis une exp\u00e9rience en project finance et en finance d\u2019entreprise lors de ses passages dans des soci\u00e9t\u00e9s telles que FCC Aqualia, KPMG et BNP Paribas.<\/p><p data-start=\"1431\" data-end=\"1641\">Il est expert dans l\u2019analyse des opportunit\u00e9s d\u2019investissement, l\u2019\u00e9laboration de business plans et la valorisation d\u2019actifs, ainsi que dans la coordination des processus d\u2019acquisition et\/ou de cession d\u2019actifs.<\/p>\t\t\t\t\t\t\t\t<\/div>\n\t\t\t\t<\/div>\n\t\t\t\t\t<\/div>\n\t\t<\/div>\n\t\t\t\t\t<\/div>\n\t\t<\/section>\n\t\t\t\t<section class=\"elementor-section elementor-top-section elementor-element elementor-element-9209b9e elementor-section-boxed elementor-section-height-default elementor-section-height-default\" data-id=\"9209b9e\" data-element_type=\"section\" data-settings=\"{&quot;_ha_eqh_enable&quot;:false}\">\n\t\t\t\t\t\t<div class=\"elementor-container elementor-column-gap-default\">\n\t\t\t\t\t<div class=\"elementor-column elementor-col-100 elementor-top-column elementor-element elementor-element-d622ebd\" data-id=\"d622ebd\" data-element_type=\"column\">\n\t\t\t<div class=\"elementor-widget-wrap elementor-element-populated\">\n\t\t\t\t\t\t<div class=\"elementor-element elementor-element-7581186 elementor-widget elementor-widget-spacer\" data-id=\"7581186\" data-element_type=\"widget\" data-widget_type=\"spacer.default\">\n\t\t\t\t<div class=\"elementor-widget-container\">\n\t\t\t\t\t\t\t<div class=\"elementor-spacer\">\n\t\t\t<div class=\"elementor-spacer-inner\"><\/div>\n\t\t<\/div>\n\t\t\t\t\t\t<\/div>\n\t\t\t\t<\/div>\n\t\t\t\t\t<\/div>\n\t\t<\/div>\n\t\t\t\t\t<\/div>\n\t\t<\/section>\n\t\t\t\t<\/div>\n\t\t","protected":false},"excerpt":{"rendered":"<p>Pablo Corona Montes Investment Associate +34 917 443 159 +34 661 143 960 pcorona@athol.es Linkedin Licenciado en Derecho y ADE (double degree english program) por CUNEF. Previa a su incorporaci\u00f3n en ATHOL, Pablo ha trabajado en Savills realizando transacciones de inversi\u00f3n, comercializaci\u00f3n, valoraci\u00f3n, financiaci\u00f3n y consultor\u00eda estrat\u00e9gica.\u00a0 Posee una visi\u00f3n 360\u00ba del sector habiendo realizado [&hellip;]<\/p>\n","protected":false},"author":7,"featured_media":0,"parent":5706,"menu_order":0,"comment_status":"closed","ping_status":"closed","template":"","meta":{"_acf_changed":false,"footnotes":""},"class_list":["post-5740","page","type-page","status-publish","hentry"],"acf":[],"_links":{"self":[{"href":"https:\/\/www.athol.es\/fr\/wp-json\/wp\/v2\/pages\/5740","targetHints":{"allow":["GET"]}}],"collection":[{"href":"https:\/\/www.athol.es\/fr\/wp-json\/wp\/v2\/pages"}],"about":[{"href":"https:\/\/www.athol.es\/fr\/wp-json\/wp\/v2\/types\/page"}],"author":[{"embeddable":true,"href":"https:\/\/www.athol.es\/fr\/wp-json\/wp\/v2\/users\/7"}],"replies":[{"embeddable":true,"href":"https:\/\/www.athol.es\/fr\/wp-json\/wp\/v2\/comments?post=5740"}],"version-history":[{"count":0,"href":"https:\/\/www.athol.es\/fr\/wp-json\/wp\/v2\/pages\/5740\/revisions"}],"up":[{"embeddable":true,"href":"https:\/\/www.athol.es\/fr\/wp-json\/wp\/v2\/pages\/5706"}],"wp:attachment":[{"href":"https:\/\/www.athol.es\/fr\/wp-json\/wp\/v2\/media?parent=5740"}],"curies":[{"name":"wp","href":"https:\/\/api.w.org\/{rel}","templated":true}]}}