{"id":1354,"date":"2023-07-28T09:44:30","date_gmt":"2023-07-28T09:44:30","guid":{"rendered":"http:\/\/www.athol.es\/?page_id=1354"},"modified":"2024-05-13T10:11:47","modified_gmt":"2024-05-13T08:11:47","slug":"politica-de-privacidad","status":"publish","type":"page","link":"https:\/\/www.athol.es\/fr\/politique-de-confidentialite\/","title":{"rendered":"Politique de confidentialit\u00e9"},"content":{"rendered":"\t\t<div data-elementor-type=\"wp-page\" data-elementor-id=\"1354\" class=\"elementor elementor-1354\" data-elementor-settings=\"{&quot;ha_cmc_init_switcher&quot;:&quot;no&quot;}\" data-elementor-post-type=\"page\">\n\t\t\t\t\t\t<section class=\"elementor-section elementor-top-section elementor-element elementor-element-7d116c4 elementor-section-height-min-height elementor-section-boxed elementor-section-height-default elementor-section-items-middle\" data-id=\"7d116c4\" data-element_type=\"section\" data-settings=\"{&quot;_ha_eqh_enable&quot;:false}\">\n\t\t\t\t\t\t<div class=\"elementor-container elementor-column-gap-default\">\n\t\t\t\t\t<div class=\"elementor-column elementor-col-100 elementor-top-column elementor-element elementor-element-c830f64\" data-id=\"c830f64\" data-element_type=\"column\">\n\t\t\t<div class=\"elementor-widget-wrap\">\n\t\t\t\t\t\t\t<\/div>\n\t\t<\/div>\n\t\t\t\t\t<\/div>\n\t\t<\/section>\n\t\t\t\t<section class=\"elementor-section elementor-top-section elementor-element elementor-element-9e51444 elementor-section-boxed elementor-section-height-default elementor-section-height-default\" data-id=\"9e51444\" data-element_type=\"section\" data-settings=\"{&quot;_ha_eqh_enable&quot;:false}\">\n\t\t\t\t\t\t<div class=\"elementor-container elementor-column-gap-default\">\n\t\t\t\t\t<div class=\"elementor-column elementor-col-100 elementor-top-column elementor-element elementor-element-a240c30\" data-id=\"a240c30\" data-element_type=\"column\">\n\t\t\t<div class=\"elementor-widget-wrap elementor-element-populated\">\n\t\t\t\t\t\t<div class=\"elementor-element elementor-element-ca1373e elementor-invisible elementor-widget elementor-widget-heading\" data-id=\"ca1373e\" data-element_type=\"widget\" data-settings=\"{&quot;_animation&quot;:&quot;fadeInLeft&quot;}\" data-widget_type=\"heading.default\">\n\t\t\t\t<div class=\"elementor-widget-container\">\n\t\t\t\t\t<h1 class=\"elementor-heading-title elementor-size-default\">Politique de confidentialit\u00e9<\/h1>\t\t\t\t<\/div>\n\t\t\t\t<\/div>\n\t\t\t\t\t<\/div>\n\t\t<\/div>\n\t\t\t\t\t<\/div>\n\t\t<\/section>\n\t\t\t\t<section class=\"elementor-section elementor-top-section elementor-element elementor-element-ee603e1 elementor-section-boxed elementor-section-height-default elementor-section-height-default\" data-id=\"ee603e1\" data-element_type=\"section\" data-settings=\"{&quot;_ha_eqh_enable&quot;:false}\">\n\t\t\t\t\t\t<div class=\"elementor-container elementor-column-gap-default\">\n\t\t\t\t\t<div class=\"elementor-column elementor-col-100 elementor-top-column elementor-element elementor-element-28b6c76\" data-id=\"28b6c76\" data-element_type=\"column\">\n\t\t\t<div class=\"elementor-widget-wrap elementor-element-populated\">\n\t\t\t\t\t\t<div class=\"elementor-element elementor-element-5040f7f elementor-widget elementor-widget-text-editor\" data-id=\"5040f7f\" data-element_type=\"widget\" data-widget_type=\"text-editor.default\">\n\t\t\t\t<div class=\"elementor-widget-container\">\n\t\t\t\t\t\t\t\t\t<p>1.\u00a0Quelle est l\u2019entreprise responsable du traitement de mes donn\u00e9es\u00a0?<br \/>L\u2019entreprise responsable du traitement de vos donn\u00e9es est ATHOL\u00a0ASSET, S.L. (ci-apr\u00e8s \u00ab\u00a0ATHOL\u00a0\u00bb), entreprise inscrite sous le num\u00e9ro fiscal (CIF) B85889236 dont le si\u00e8ge social est situ\u00e9 Principe de Vergara, 5-28002 MADRID.<br \/>Nous vous informons qu\u2019ATHOL est propri\u00e9taire du domaine www.athol.es (ci-apr\u00e8s le \u00ab\u00a0Site web\u00a0\u00bb).<br \/>L\u2019Utilisateur pourra contacter ATHOL par t\u00e9l\u00e9phone au +34\u00a0680\u00a0198\u00a0315<br \/>\u00a0ou par e-mail \u00e0 l\u2019adresse info@athol.es.<\/p><p>2.\u00a0Pourquoi ATHOL est-elle en droit d\u2019effectuer le traitement de mes donn\u00e9es\u00a0?<br \/>La pr\u00e9sente politique de protection des donn\u00e9es r\u00e9git l\u2019acc\u00e8s et l\u2019utilisation du service du Site web qu\u2019ATHOL met \u00e0 disposition de l\u2019internaute (ci-apr\u00e8s l\u2019\u00ab\u00a0Utilisateur\u00a0\u00bb) int\u00e9ress\u00e9 par les services (ci-apr\u00e8s les \u00ab\u00a0Services\u00a0\u00bb) et les contenus (ci-apr\u00e8s les \u00ab\u00a0Contenus\u00a0\u00bb) h\u00e9berg\u00e9s sur le Site web.<br \/>La base l\u00e9gale du traitement est fond\u00e9e sur le consentement demand\u00e9 pour fournir les informations sur le service au sujet duquel les Utilisateurs ont demand\u00e9 des informations.<br \/>Les donn\u00e9es demand\u00e9es dans les formulaires d\u2019inscription remplis par l\u2019Utilisateur sont strictement n\u00e9cessaires. Sans elles, il serait impossible de fournir les informations sur le service pour lequel ce dernier a demand\u00e9 des informations.<br \/>Afin de b\u00e9n\u00e9ficier correctement des services propos\u00e9s, l\u2019Utilisateur garantit que toutes les informations \u00e0 caract\u00e8re personnel fournies sont exactes et \u00e0 jour de mani\u00e8re \u00e0 correspondre v\u00e9ritablement \u00e0 sa situation actuelle. Il appartient \u00e0 l\u2019Utilisateur de maintenir \u00e0 tout moment ses donn\u00e9es \u00e0 jour, ce qui fait de lui le seul responsable de l\u2019inexactitude ou de la fausset\u00e9 des donn\u00e9es qu\u2019il a fournies, et des pr\u00e9judices qui pourraient en r\u00e9sulter pour le Responsable ou des tiers dans le cadre de l\u2019utilisation des services propos\u00e9s par ce dernier.<br \/>ATHOL prend tr\u00e8s au s\u00e9rieux la protection de votre vie priv\u00e9e et de vos donn\u00e9es personnelles. C\u2019est pourquoi vos donn\u00e9es personnelles sont conserv\u00e9es en toute s\u00e9curit\u00e9 et trait\u00e9es avec le plus grand soin.<\/p><p>3.\u00a0Dans quels buts mes donn\u00e9es \u00e0 caract\u00e8re personnel sont-elles trait\u00e9es\u00a0?<br \/>3.a)\u00a0Traitement des donn\u00e9es \u00e0 caract\u00e8re personnel par ATHOL<br \/>Vos donn\u00e9es \u00e0 caract\u00e8re personnel recueillies par ATHOL pourront \u00eatre utilis\u00e9es aux fins suivantes\u00a0:<br \/>1.\u00a0Fournir \u00e0 l\u2019Utilisateur des informations sur le service publi\u00e9 sur le Site web.<br \/>2.\u00a0Envoyer la demande d\u2019informations au(x) fournisseur(s) du service pour lequel l\u2019Utilisateur a demand\u00e9 des informations, afin que les fournisseurs puissent le contacter et qu\u2019ils soient inform\u00e9s des informations demand\u00e9es.<br \/>3.\u00a0Envoyer des informations commerciales ou publicitaires relatives \u00e0 nos services ou \u00e0 ceux de tiers.<br \/>4.\u00a0R\u00e9pondre \u00e0 des demandes et des requ\u00eates en lien avec le portail.<br \/>5.\u00a0Faire part des avis des Utilisateurs sur les contenus par le biais de tout support \u00e9lectronique.<br \/>6.\u00a0Fournir les services propos\u00e9s sur le Site web.<br \/>3.b)\u00a0Envoi de communications commerciales pour le compte de tiers<br \/>En acceptant la pr\u00e9sente politique de confidentialit\u00e9, l\u2019Utilisateur pourra donner son consentement expr\u00e8s par le biais d\u2019un opt-in sp\u00e9cifique \u00e0 cette finalit\u00e9 de traitement pour que ses donn\u00e9es \u00e0 caract\u00e8re personnel soient utilis\u00e9es pour lui envoyer par courrier, t\u00e9l\u00e9phone, e-mail, SMS\/MMS ou d\u2019autres moyens de communication \u00e9lectronique \u00e9quivalents des communications commerciales ou des informations d\u2019entreprises des secteurs suivants\u00a0:<br \/>\u2022Finances\u00a0: pr\u00eats d\u2019\u00e9tablissements financiers et assurances.<br \/>\u2022Grande consommation\u00a0: alimentation, mode et d\u00e9coration, sant\u00e9 et beaut\u00e9, textile, maison, sant\u00e9, beaut\u00e9 et hygi\u00e8ne, fournitures de bureau, automobile, droguerie et m\u00e9nage, mobilier.<br \/>\u2022Loisirs\u00a0: tourisme, \u00e9dition, jouets, collections, sport, hobbys, communication, divertissement, d\u00e9coration et am\u00e9nagement int\u00e9rieur, jardinage, photographie, son et image.<br \/>\u2022T\u00e9l\u00e9communications\u00a0: produits et services de t\u00e9l\u00e9communication, technologie et Internet.<br \/>\u2022Automobile\u00a0: produits et services li\u00e9s \u00e0 l\u2019automobile, aux motos et aux camions.<br \/>\u2022ONG\u00a0: produits et services li\u00e9s \u00e0 des ONG.<br \/>\u2022Bijouterie, joaillerie et pierres pr\u00e9cieuses\u00a0: produits et services li\u00e9s \u00e0 la bijouterie, \u00e0 la joaillerie et aux pierres pr\u00e9cieuses.<br \/>\u2022\u00c9nergie et eau\u00a0: produits li\u00e9s \u00e0 l\u2019\u00e9lectricit\u00e9, aux hydrocarbures, au gaz et \u00e0 l\u2019eau.<br \/>\u2022Formation\u00a0: produits et services li\u00e9s \u00e0 la sph\u00e8re \u00e9ducative, manuels, mat\u00e9riel scolaire ou de formation, offres pour des cours en pr\u00e9sentiel ou \u00e0 distance, etc.<br \/>L\u2019Utilisateur pourra choisir express\u00e9ment les secteurs d\u2019activit\u00e9 sp\u00e9cifiques pour lesquels il recevra des communications commerciales, et s\u2019opposer \u00e0 tout moment au traitement de ses donn\u00e9es \u00e0 cette fin en envoyant un e-mail \u00e0 l\u2019adresse info@athol.es ou en utilisant les moyens sp\u00e9cifiques indiqu\u00e9s dans les communications commerciales.<br \/>3.c)\u00a0Transfert de donn\u00e9es \u00e0 des tiers<br \/>Si l\u2019Utilisateur l\u2019accepte par le biais du formulaire d\u2019inscription du Site web, ses donn\u00e9es pourront \u00eatre transmises \u00e0 des tiers sponsors de la promotion conform\u00e9ment \u00e0 la s\u00e9lection d\u2019entreprises qu\u2019il y aura indiqu\u00e9e, toujours conform\u00e9ment \u00e0 ses pr\u00e9f\u00e9rences.<br \/>Ce transfert aura pour but l\u2019envoi par courrier, t\u00e9l\u00e9phone, e-mail, SMS\/MMS ou tout autre moyen de communication \u00e9lectronique \u00e9quivalent d\u2019informations et de communications commerciales pouvant l\u2019int\u00e9resser par lesdites entreprises.<\/p><p>4.\u00a0Actions de reciblage<br \/>En acceptant la pr\u00e9sente politique de confidentialit\u00e9, l\u2019Utilisateur accepte les services de reciblage par e-mail pouvant \u00eatre utilis\u00e9s pour l\u2019envoi de communications commerciales.<br \/>L\u2019Utilisateur consent \u00e0 ce que lesdites communications commerciales contiennent des dispositifs de stockage et de collecte d\u2019informations ou des cookies publicitaires qui seront install\u00e9s sur son navigateur, et accepte express\u00e9ment qu\u2019ATHOL utilise des cookies.<br \/>Ces services de reciblage par e-mail sont destin\u00e9s \u00e0 fournir plus d\u2019informations sur les produits et services pouvant int\u00e9resser l\u2019Utilisateur moyennant\u00a0:<br \/>\u2022l\u2019utilisation de dispositifs de stockage et de collecte de donn\u00e9es ou de cookies sur des \u00e9quipements terminaux dans certains des e-mails envoy\u00e9s aux Utilisateurs (reciblage par e-mail)\u00a0;<br \/>\u2022l\u2019envoi d\u2019e-mails contenant des communications commerciales pour les \u00e9quipements sur lesquels les cookies ont \u00e9t\u00e9 install\u00e9s lors de la visite d\u2019un site web ou par le biais d\u2019un e-mail. Par ailleurs, pour chaque communication commerciale contenant des cookies, l\u2019Utilisateur sera inform\u00e9 du type de cookies qu\u2019elle contient et comment les d\u00e9sactiver. Dans tous les cas, l\u2019Utilisateur a la possibilit\u00e9 de configurer son navigateur pour \u00eatre averti de la r\u00e9ception de cookies et pour emp\u00eacher leur installation sur son appareil. Pour en savoir plus, veuillez consulter les modes d\u2019emploi et les consignes de votre navigateur ou la politique de cookies d\u2019ATHOL.<\/p><p><br \/>5.\u00a0V\u00e9racit\u00e9 des donn\u00e9es fournies par les Utilisateurs<br \/>L\u2019Utilisateur garantit que les donn\u00e9es personnelles fournies sont exactes et s\u2019engage \u00e0 communiquer tout changement de ces derni\u00e8res \u00e0 ATHOL. L\u2019Utilisateur devra r\u00e9pondre, dans tous les cas, de la v\u00e9racit\u00e9 des donn\u00e9es fournies, ATHOL se r\u00e9servant le droit d\u2019exclure des services demand\u00e9s tout Utilisateur qui aurait fourni de fausses donn\u00e9es, sans pr\u00e9judice d\u2019autres actions l\u00e9gales qui pourraient s\u2019av\u00e9rer opportunes.<\/p><p>6.\u00a0Conservation des donn\u00e9es<br \/>Les donn\u00e9es personnelles fournies seront conserv\u00e9es par ATHOL pendant la dur\u00e9e de la relation contractuelle entre les parties afin d\u2019envoyer des informations sur les produits et\/ou services pouvant int\u00e9resser l\u2019Utilisateur, \u00e0 moins que ce dernier n\u2019exprime sa volont\u00e9 de se d\u00e9sinscrire des services d\u2019ATHOL. Conform\u00e9ment au principe de limitation de la finalit\u00e9 du traitement des donn\u00e9es \u00e9nonc\u00e9 dans le RGPD, l\u2019Utilisateur est inform\u00e9 du fait que ses donn\u00e9es seront uniquement collect\u00e9es aux fins pr\u00e9vues dans les paragraphes pr\u00e9c\u00e9dents, et qu\u2019elles ne seront pas trait\u00e9es d\u2019une mani\u00e8re incompatible avec ces finalit\u00e9s.<\/p><p>7.\u00a0Quels sont les droits de l\u2019Utilisateur vis-\u00e0-vis de ses donn\u00e9es\u00a0?<br \/>L\u2019Utilisateur est en droit (i)\u00a0d\u2019acc\u00e9der \u00e0 ses donn\u00e9es personnelles, (ii)\u00a0de demander la rectification de donn\u00e9es inexactes ou incompl\u00e8tes ou, le cas \u00e9ch\u00e9ant, (iii)\u00a0de demander leur suppression, (iv)\u00a0d\u2019exiger la limitation du traitement de ses donn\u00e9es, (v)\u00a0de s\u2019opposer au traitement de ses donn\u00e9es, (vi)\u00a0d\u2019exercer le droit \u00e0 l\u2019oubli de ses donn\u00e9es et (vii)\u00a0de demander la portabilit\u00e9 de ses donn\u00e9es.<br \/>L\u2019Utilisateur peut exercer l\u2019ensemble de ces droits en adressant un e-mail \u00e0 l\u2019adresse info@athol.es contenant le motif de sa demande et une copie de sa carte d\u2019identit\u00e9 ou de son passeport.<br \/>Il peut \u00e9galement envoyer une demande par courrier \u00e0 l\u2019adresse suivante\u00a0: \u00a0<br \/>ATHOL\u00a0ASSET, S.L.<br \/>\u00a0Calle Hermosilla, 21- 1\u00baIzq-28001 Madrid, 28001, Madrid<br \/>Espagne.<br \/>Sans pr\u00e9judice de tout autre recours administratif ou action judiciaire, l\u2019Utilisateur est en droit de pr\u00e9senter une r\u00e9clamation aupr\u00e8s de toute autorit\u00e9 de contr\u00f4le, en particulier dans l\u2019\u00e9tat membre o\u00f9 il a sa r\u00e9sidence habituelle, son lieu de travail ou le lieu de l\u2019infraction pr\u00e9sum\u00e9e, s\u2019il estime que le traitement de ses donn\u00e9es personnelles n\u2019est pas conforme \u00e0 la r\u00e9glementation ou dans le cas o\u00f9 l\u2019exercice de ses droits ne serait pas satisfait. L\u2019autorit\u00e9 de contr\u00f4le recevant la r\u00e9clamation informera le r\u00e9clamant de l\u2019\u00e9volution et de l\u2019issue de la r\u00e9clamation.<\/p><p>8.\u00a0S\u00e9curit\u00e9 des donn\u00e9es<br \/>ATHOL accorde une grande importance \u00e0 la protection de la vie priv\u00e9e et des donn\u00e9es personnelles des clients. D\u00e8s lors, ATHOL met en \u0153uvre tous les moyens \u00e0 sa port\u00e9e pour emp\u00eacher que ses donn\u00e9es soient utilis\u00e9es de mani\u00e8re inappropri\u00e9e. Seul le personnel autoris\u00e9 a acc\u00e8s aux donn\u00e9es en question.<br \/>ATHOL maintient des niveaux de s\u00e9curit\u00e9 et de protection des donn\u00e9es personnelles conformes aux normes applicables et a mis en place tous les moyens techniques \u00e0 sa disposition pour \u00e9viter la perte, l\u2019utilisation abusive, l\u2019alt\u00e9ration, l\u2019acc\u00e8s non autoris\u00e9 et le vol des donn\u00e9es fournies par l\u2019Utilisateur par le biais du Site web, sans pr\u00e9judice de l\u2019informer que les mesures de s\u00e9curit\u00e9 sur Internet ne sont pas infaillibles.<br \/>ATHOL s\u2019engage \u00e0 remplir son devoir de r\u00e9serve et de confidentialit\u00e9 vis-\u00e0-vis des donn\u00e9es personnelles conform\u00e9ment \u00e0 la l\u00e9gislation en vigueur et de leur r\u00e9server un traitement s\u00fbr dans le cadre des transmissions et transferts qui pourraient se produire, le cas \u00e9ch\u00e9ant.<\/p><p>9.\u00a0Questions<br \/>Si vous avez des questions concernant la pr\u00e9sente politique de confidentialit\u00e9 ou le traitement de vos donn\u00e9es, veuillez adresser un e-mail au responsable de la protection des donn\u00e9es d\u2019ATHOL \u00e0 l\u2019adresse info@athol.es.<\/p><p>10.\u00a0Consentement<br \/>L\u2019Utilisateur d\u00e9clare avoir \u00e9t\u00e9 inform\u00e9 des conditions relatives \u00e0 la protection des donn\u00e9es personnelles, en acceptant et en consentant au traitement automatis\u00e9 desdites donn\u00e9es par ATHOL, de la mani\u00e8re et aux fins pr\u00e9vues dans la pr\u00e9sente politique.<\/p>\t\t\t\t\t\t\t\t<\/div>\n\t\t\t\t<\/div>\n\t\t\t\t\t<\/div>\n\t\t<\/div>\n\t\t\t\t\t<\/div>\n\t\t<\/section>\n\t\t\t\t<\/div>\n\t\t","protected":false},"excerpt":{"rendered":"<p>Pol\u00edtica de privacidad 1.- \u00bfCu\u00e1l es la empresa responsable del tratamiento de sus datos?La empresa responsable del tratamiento de sus datos es ATHOL ASSET,S.L. (en adelante, \u201cATHOL\u201d), con CIF&nbsp;B85889236, y con domicilio social en Calle Vel\u00e1zquez 34, 7\u00ba, 28001 Madrid. Le informamos que ATHOL es el titular del dominio www.athol.es (en adelante el \u201cSitio Web\u201d). [&hellip;]<\/p>\n","protected":false},"author":1,"featured_media":0,"parent":0,"menu_order":0,"comment_status":"closed","ping_status":"closed","template":"","meta":{"_acf_changed":false,"footnotes":""},"class_list":["post-1354","page","type-page","status-publish","hentry"],"acf":[],"_links":{"self":[{"href":"https:\/\/www.athol.es\/fr\/wp-json\/wp\/v2\/pages\/1354","targetHints":{"allow":["GET"]}}],"collection":[{"href":"https:\/\/www.athol.es\/fr\/wp-json\/wp\/v2\/pages"}],"about":[{"href":"https:\/\/www.athol.es\/fr\/wp-json\/wp\/v2\/types\/page"}],"author":[{"embeddable":true,"href":"https:\/\/www.athol.es\/fr\/wp-json\/wp\/v2\/users\/1"}],"replies":[{"embeddable":true,"href":"https:\/\/www.athol.es\/fr\/wp-json\/wp\/v2\/comments?post=1354"}],"version-history":[{"count":0,"href":"https:\/\/www.athol.es\/fr\/wp-json\/wp\/v2\/pages\/1354\/revisions"}],"wp:attachment":[{"href":"https:\/\/www.athol.es\/fr\/wp-json\/wp\/v2\/media?parent=1354"}],"curies":[{"name":"wp","href":"https:\/\/api.w.org\/{rel}","templated":true}]}}