{"id":1352,"date":"2023-07-28T09:44:07","date_gmt":"2023-07-28T09:44:07","guid":{"rendered":"http:\/\/www.athol.es\/?page_id=1352"},"modified":"2024-05-13T10:07:57","modified_gmt":"2024-05-13T08:07:57","slug":"condiciones-de-uso","status":"publish","type":"page","link":"https:\/\/www.athol.es\/fr\/conditions-generales-d-utilisation\/","title":{"rendered":"Conditions g\u00e9n\u00e9rales d\u2019utilisation"},"content":{"rendered":"\t\t<div data-elementor-type=\"wp-page\" data-elementor-id=\"1352\" class=\"elementor elementor-1352\" data-elementor-settings=\"{&quot;ha_cmc_init_switcher&quot;:&quot;no&quot;}\" data-elementor-post-type=\"page\">\n\t\t\t\t\t\t<section class=\"elementor-section elementor-top-section elementor-element elementor-element-89e262f elementor-section-height-min-height elementor-section-boxed elementor-section-height-default elementor-section-items-middle\" data-id=\"89e262f\" data-element_type=\"section\" data-settings=\"{&quot;_ha_eqh_enable&quot;:false}\">\n\t\t\t\t\t\t<div class=\"elementor-container elementor-column-gap-default\">\n\t\t\t\t\t<div class=\"elementor-column elementor-col-100 elementor-top-column elementor-element elementor-element-bc45b9d\" data-id=\"bc45b9d\" data-element_type=\"column\">\n\t\t\t<div class=\"elementor-widget-wrap\">\n\t\t\t\t\t\t\t<\/div>\n\t\t<\/div>\n\t\t\t\t\t<\/div>\n\t\t<\/section>\n\t\t\t\t<section class=\"elementor-section elementor-top-section elementor-element elementor-element-7c625ae elementor-section-boxed elementor-section-height-default elementor-section-height-default\" data-id=\"7c625ae\" data-element_type=\"section\" data-settings=\"{&quot;_ha_eqh_enable&quot;:false}\">\n\t\t\t\t\t\t<div class=\"elementor-container elementor-column-gap-default\">\n\t\t\t\t\t<div class=\"elementor-column elementor-col-100 elementor-top-column elementor-element elementor-element-5c69990\" data-id=\"5c69990\" data-element_type=\"column\">\n\t\t\t<div class=\"elementor-widget-wrap elementor-element-populated\">\n\t\t\t\t\t\t<div class=\"elementor-element elementor-element-90af5d0 elementor-invisible elementor-widget elementor-widget-heading\" data-id=\"90af5d0\" data-element_type=\"widget\" data-settings=\"{&quot;_animation&quot;:&quot;fadeInLeft&quot;}\" data-widget_type=\"heading.default\">\n\t\t\t\t<div class=\"elementor-widget-container\">\n\t\t\t\t\t<h1 class=\"elementor-heading-title elementor-size-default\">Conditions g\u00e9n\u00e9rales d\u2019utilisation <\/h1>\t\t\t\t<\/div>\n\t\t\t\t<\/div>\n\t\t\t\t\t<\/div>\n\t\t<\/div>\n\t\t\t\t\t<\/div>\n\t\t<\/section>\n\t\t\t\t<section class=\"elementor-section elementor-top-section elementor-element elementor-element-0c6d302 elementor-section-boxed elementor-section-height-default elementor-section-height-default\" data-id=\"0c6d302\" data-element_type=\"section\" data-settings=\"{&quot;_ha_eqh_enable&quot;:false}\">\n\t\t\t\t\t\t<div class=\"elementor-container elementor-column-gap-default\">\n\t\t\t\t\t<div class=\"elementor-column elementor-col-100 elementor-top-column elementor-element elementor-element-7cc7ef7\" data-id=\"7cc7ef7\" data-element_type=\"column\">\n\t\t\t<div class=\"elementor-widget-wrap elementor-element-populated\">\n\t\t\t\t\t\t<div class=\"elementor-element elementor-element-eae972b elementor-widget elementor-widget-text-editor\" data-id=\"eae972b\" data-element_type=\"widget\" data-widget_type=\"text-editor.default\">\n\t\t\t\t<div class=\"elementor-widget-container\">\n\t\t\t\t\t\t\t\t\t<p>1.\u00a0Droit \u00e0 l\u2019information<br \/>Nous vous informons que ce Site web est la propri\u00e9t\u00e9 d\u2019ATHOL\u00a0ASSET, S.L. (ci-apr\u00e8s \u00ab\u00a0ATHOL\u00a0\u00bb), entreprise inscrite sous le num\u00e9ro fiscal (CIF) B85889236, dont le si\u00e8ge social est situ\u00e9 calle Principe de Vergara, 5-28002 MADRID. <br \/>ATHOL, inscrite au registre du commerce de Madrid 860 dans le tome\u00a027683, folio\u00a064, page\u00a0M-498889, propose des services sur Internet par le biais du site web principal se trouvant \u00e0 l\u2019adresse www.athol.es selon les conditions \u00e9nonc\u00e9es dans le pr\u00e9sent document.<br \/>En acc\u00e9dant et\/ou en utilisant le Site web, vous en devenez utilisateur, et vous acceptez, d\u00e8s cet acc\u00e8s, l\u2019ensemble des modalit\u00e9s et conditions figurant dans les pr\u00e9sentes mentions l\u00e9gales ainsi que les Conditions g\u00e9n\u00e9rales et\/ou particuli\u00e8res applicables, le cas \u00e9ch\u00e9ant.<br \/>L\u2019utilisateur (ci-apr\u00e8s, l\u2019\u00ab\u00a0Utilisateur\u00a0\u00bb) peut contacter ATHOL par le biais de l\u2019adresse e-mail suivante\u00a0: info@athol.es.<br \/>2.\u00a0Utilisation du Site web<br \/>L\u2019Utilisateur est responsable de son utilisation du Site web. Le Site web peut permettre l\u2019acc\u00e8s \u00e0 diff\u00e9rents textes, graphiques, dessins, illustrations, photographies, contenus multim\u00e9dias et informations (ci-apr\u00e8s, les \u00ab\u00a0Contenus\u00a0\u00bb) appartenant \u00e0 ATHOL ou \u00e0 des tiers et auxquels l\u2019Utilisateur peut avoir acc\u00e8s.<br \/>L\u2019Utilisateur s\u2019engage \u00e0 utiliser de mani\u00e8re appropri\u00e9e les Contenus et Services propos\u00e9s au travers du Site web et, \u00e0 titre \u00e9nonciatif, mais sans s\u2019y limiter, \u00e0 ne pas les utiliser pour\u00a0:<br \/>\u2022(i)\u00a0se livrer \u00e0 des activit\u00e9s illicites, ill\u00e9gales ou contraires \u00e0 la bonne foi ou \u00e0 l\u2019ordre public\u00a0;<br \/>\u2022(ii)\u00a0endommager les syst\u00e8mes physiques ou logiques du Site web d\u2019ATHOL, de ses fournisseurs ou de tiers\u00a0;<br \/>\u2022(iii)\u00a0introduire ou propager sur Internet un virus informatique ou tout autre syst\u00e8me physique ou logique susceptible de causer les dommages susmentionn\u00e9s\u00a0;<br \/>\u2022(iv)\u00a0acc\u00e9der, utiliser et\/ou manipuler les donn\u00e9es d\u2019ATHOL, de fournisseurs tiers et d\u2019autres Utilisateurs\u00a0;<br \/>\u2022(v)\u00a0reproduire, copier, distribuer ou permettre l\u2019acc\u00e8s du public aux Contenus de quelque mani\u00e8re ou m\u00e9thode de communication publique que ce soit, transformer ou modifier les Contenus, \u00e0 moins que celui-ci poss\u00e8de une autorisation d\u2019ATHOL\u00a0;<br \/>\u2022(vi)\u00a0supprimer, occulter ou manipuler les Contenus soumis \u00e0 des droits de propri\u00e9t\u00e9 intellectuelle ou industrielle et autres donn\u00e9es d\u2019identification des droits d\u2019ATHOL ou de tiers figurant dans les Contenus, ainsi que les dispositifs techniques de protection ou tout autre m\u00e9canisme d\u2019information qu\u2019ils pourraient contenir.<br \/>ATHOL souligne que les \u00e9l\u00e9ments contenus sur ce Site web ont \u00e9t\u00e9 inclus uniquement \u00e0 titre d\u2019information, et s\u2019av\u00e8rent donc insuffisants pour prendre position ou des d\u00e9cisions dans un cas sp\u00e9cifique.<br \/>L\u2019Utilisateur doit tenir compte du fait que les \u00e9l\u00e9ments contenus sur ce Site web peuvent ne pas refl\u00e9ter l\u2019\u00e9tat l\u00e9gislatif ou jurisprudentiel le plus r\u00e9cent sur les questions analys\u00e9es. De m\u00eame, ces \u00e9l\u00e9ments peuvent \u00eatre modifi\u00e9s, d\u00e9velopp\u00e9s ou mis \u00e0 jour sans pr\u00e9avis. ATHOL est en droit d\u2019enqu\u00eater et de signaler tout comportement susmentionn\u00e9 conform\u00e9ment \u00e0 la loi, ainsi que de coop\u00e9rer avec les autorit\u00e9s dans le cadre d\u2019une enqu\u00eate sur ces actions.<br \/>ATHOL pourra suspendre temporairement, et ce sans pr\u00e9avis, l\u2019acc\u00e8s au Site web pour des raisons de maintenance, de r\u00e9paration, de mise \u00e0 jour ou d\u2019am\u00e9lioration. Toutefois, si les circonstances le permettent, ATHOL notifiera \u00e0 l\u2019Utilisateur, en temps utile, la date pr\u00e9vue de suspension des Services. ATHOL n\u2019assume aucune responsabilit\u00e9 de l\u2019usage que les Utilisateurs font des Contenus du Site web.<br \/>3.\u00a0Propri\u00e9t\u00e9 intellectuelle et industrielle<br \/>Tous les droits de propri\u00e9t\u00e9 intellectuelle associ\u00e9s aux Contenus du Site web et \u00e0 sa conception graphique rel\u00e8vent de la propri\u00e9t\u00e9 exclusive d\u2019ATHOL, ou d\u2019un tiers qui en a autoris\u00e9 l\u2019utilisation. Par cons\u00e9quent, ATHOL se r\u00e9serve l\u2019exclusivit\u00e9 de tous les droits d\u2019exploitation aff\u00e9rents. Par cons\u00e9quent, et en vertu des dispositions de la l\u00e9gislation applicable en mati\u00e8re de droits de propri\u00e9t\u00e9 intellectuelle et industrielle\u00a0:<br \/>ATHOL n\u2019accorde aucune licence ou autorisation d\u2019utilisation de quelque nature que ce soit sur ses droits de propri\u00e9t\u00e9 intellectuelle et industrielle ou sur toute autre propri\u00e9t\u00e9 ou tout autre droit li\u00e9 au Site web, aux Services ou aux Contenus de ce dernier.<br \/>La reproduction et le stockage temporaire des Contenus du Site web sont autoris\u00e9es, dans la mesure o\u00f9 cela est strictement n\u00e9cessaire pour l\u2019utilisation et l\u2019affichage du Site web \u00e0 partir d\u2019un ordinateur personnel.<br \/>La l\u00e9gitimit\u00e9 des droits de propri\u00e9t\u00e9 intellectuelle ou industrielle correspondants aux Contenus fournis par les Utilisateurs rel\u00e8ve de la responsabilit\u00e9 exclusive de ces derniers. Par cons\u00e9quent, l\u2019Utilisateur d\u00e9gagera ATHOL de toute responsabilit\u00e9 en cas de r\u00e9clamation de tiers d\u00e9coulant d\u2019une utilisation illicite de Contenus sur le Site web.<br \/>4.\u00a0Responsabilit\u00e9 et garanties<br \/>ATHOL d\u00e9clare avoir adopt\u00e9 les mesures raisonnables, dans la mesure de ses possibilit\u00e9s et des technologies, pour garantir le bon fonctionnement de son Site web et \u00e9viter la pr\u00e9sence de virus et autres \u00e9l\u00e9ments nuisibles. Toutefois, ATHOL ne peut \u00eatre tenue responsable de\u00a0:<br \/>\u2022(i)\u00a0la continuit\u00e9 et la disponibilit\u00e9 des Contenus et Services\u00a0;<br \/>\u2022(ii)\u00a0l\u2019absence d\u2019erreurs dans lesdits Contenus ni de la correction de tout d\u00e9faut pouvant survenir\u00a0;<br \/>\u2022(iii)\u00a0l\u2019absence de virus et\/ou d\u2019autres \u00e9l\u00e9ments nuisibles\u00a0;<br \/>\u2022(iv)\u00a0dommages ou pr\u00e9judices caus\u00e9s par toute personne rendant vuln\u00e9rables les syst\u00e8mes de s\u00e9curit\u00e9 d\u2019ATHOL.<br \/>Les contributions figurant sur ces pages sont uniquement fournies \u00e0 titre d\u2019information. ATHOL ne garantit pas l\u2019exhaustivit\u00e9, l\u2019exactitude et l\u2019actualit\u00e9 de ses Contenus. Ils ne sont donc pas valables pour fournir une aide juridique sp\u00e9cifique dans des cas particuliers. Les relations mandataires n\u2019ont lieu qu\u2019apr\u00e8s confirmation \u00e9crite.<br \/>ATHOL n\u2019assume aucune responsabilit\u00e9 quant aux liens vers d\u2019autres sites web qui figurent sur le Site web pouvant rediriger l\u2019Utilisateur vers d\u2019autres sites Web sur lesquels ATHOL n\u2019exerce aucun contr\u00f4le. Par cons\u00e9quent, l\u2019inclusion de liens vers d\u2019autres sites web n\u2019implique pas l\u2019approbation de leur contenu par ATHOL ou l\u2019existence d\u2019une association quelconque entre ATHOL et ses propri\u00e9taires. Ainsi, l\u2019Utilisateur acc\u00e8de aux Contenus sous son enti\u00e8re responsabilit\u00e9 et selon les conditions g\u00e9n\u00e9rales d\u2019utilisation qui le r\u00e9gissent.<\/p><p>5.\u00a0Dur\u00e9e et modification<br \/>Les pr\u00e9sentes mentions l\u00e9gales resteront en vigueur pour une dur\u00e9e ind\u00e9termin\u00e9e, ATHOL pouvant apporter des modifications aux conditions qui y sont sp\u00e9cifi\u00e9es, lesquelles entreront en vigueur \u00e0 compter de leur publication.<br \/>ATHOL pourra supprimer, ajouter ou modifier aussi bien les Contenus que les Services qu\u2019elle fournit, ainsi que la mani\u00e8re dont ils sont situ\u00e9s ou pr\u00e9sent\u00e9s. Seront consid\u00e9r\u00e9es comme en vigueur les conditions g\u00e9n\u00e9rales qui sont publi\u00e9es au moment o\u00f9 l\u2019Utilisateur acc\u00e8de au Site web d\u2019ATHOL.<br \/>L\u2019acc\u00e8s au Site web et\/ou l\u2019utilisation de ce dernier vaut acceptation de l\u2019Utilisateur des pr\u00e9sentes mentions l\u00e9gales et de leurs conditions, ainsi que des modifications qui y sont apport\u00e9es, le cas \u00e9ch\u00e9ant.<\/p>\t\t\t\t\t\t\t\t<\/div>\n\t\t\t\t<\/div>\n\t\t\t\t\t<\/div>\n\t\t<\/div>\n\t\t\t\t\t<\/div>\n\t\t<\/section>\n\t\t\t\t<\/div>\n\t\t","protected":false},"excerpt":{"rendered":"<p>Condiciones de uso 1.- Derecho de la informaci\u00f3n Le informamos que este Sitio Web es titularidad de ATHOL ASSET, S.L. (en adelante, \u201cATHOL\u201d), con C.I.F. con CIF&nbsp;B85889236, y con domicilio social en Calle Velazquez 34, 7\u00ba, 28001 Madrid. ATHOL inscrita en el Registro Mercantil de Madrid de 860 al tomo 27683, folio 64, hoja M-498889, [&hellip;]<\/p>\n","protected":false},"author":1,"featured_media":0,"parent":0,"menu_order":0,"comment_status":"closed","ping_status":"closed","template":"","meta":{"_acf_changed":false,"footnotes":""},"class_list":["post-1352","page","type-page","status-publish","hentry"],"acf":[],"_links":{"self":[{"href":"https:\/\/www.athol.es\/fr\/wp-json\/wp\/v2\/pages\/1352","targetHints":{"allow":["GET"]}}],"collection":[{"href":"https:\/\/www.athol.es\/fr\/wp-json\/wp\/v2\/pages"}],"about":[{"href":"https:\/\/www.athol.es\/fr\/wp-json\/wp\/v2\/types\/page"}],"author":[{"embeddable":true,"href":"https:\/\/www.athol.es\/fr\/wp-json\/wp\/v2\/users\/1"}],"replies":[{"embeddable":true,"href":"https:\/\/www.athol.es\/fr\/wp-json\/wp\/v2\/comments?post=1352"}],"version-history":[{"count":0,"href":"https:\/\/www.athol.es\/fr\/wp-json\/wp\/v2\/pages\/1352\/revisions"}],"wp:attachment":[{"href":"https:\/\/www.athol.es\/fr\/wp-json\/wp\/v2\/media?parent=1352"}],"curies":[{"name":"wp","href":"https:\/\/api.w.org\/{rel}","templated":true}]}}